{"id":837,"date":"2021-02-25T23:36:56","date_gmt":"2021-02-25T23:36:56","guid":{"rendered":"https:\/\/adriatraderisk.hr\/?page_id=837"},"modified":"2021-02-26T10:20:39","modified_gmt":"2021-02-26T10:20:39","slug":"zavarovalna-pogodba","status":"publish","type":"page","link":"https:\/\/adriatraderisk.hr\/en_us\/zavarovalna-pogodba\/","title":{"rendered":"Insurance contract"},"content":{"rendered":"<div data-elementor-type=\"wp-page\" data-elementor-id=\"837\" class=\"elementor elementor-837\" data-elementor-settings=\"[]\">\n\t\t\t\t\t\t\t<div class=\"elementor-section-wrap\">\n\t\t\t\t\t\t\t<section class=\"elementor-section elementor-top-section elementor-element elementor-element-52270eb elementor-section-boxed elementor-section-height-default elementor-section-height-default\" data-id=\"52270eb\" data-element_type=\"section\">\n\t\t\t\t\t\t<div class=\"elementor-container elementor-column-gap-default\">\n\t\t\t\t\t<div class=\"elementor-column elementor-col-100 elementor-top-column elementor-element elementor-element-08f104f\" data-id=\"08f104f\" data-element_type=\"column\">\n\t\t\t<div class=\"elementor-widget-wrap elementor-element-populated\">\n\t\t\t\t\t\t\t\t<div class=\"elementor-element elementor-element-24e886f elementor-widget elementor-widget-spacer\" data-id=\"24e886f\" data-element_type=\"widget\" data-widget_type=\"spacer.default\">\n\t\t\t\t<div class=\"elementor-widget-container\">\n\t\t\t\t\t<div class=\"elementor-spacer\">\n\t\t\t<div class=\"elementor-spacer-inner\"><\/div>\n\t\t<\/div>\n\t\t\t\t<\/div>\n\t\t\t\t<\/div>\n\t\t\t\t<div class=\"elementor-element elementor-element-71db8cb elementor-widget elementor-widget-heading\" data-id=\"71db8cb\" data-element_type=\"widget\" data-widget_type=\"heading.default\">\n\t\t\t\t<div class=\"elementor-widget-container\">\n\t\t\t<h1 class=\"elementor-heading-title elementor-size-default\">Insurance contract<\/h1>\t\t<\/div>\n\t\t\t\t<\/div>\n\t\t\t\t<div class=\"elementor-element elementor-element-9459b14 elementor-widget elementor-widget-spacer\" data-id=\"9459b14\" data-element_type=\"widget\" data-widget_type=\"spacer.default\">\n\t\t\t\t<div class=\"elementor-widget-container\">\n\t\t\t\t\t<div class=\"elementor-spacer\">\n\t\t\t<div class=\"elementor-spacer-inner\"><\/div>\n\t\t<\/div>\n\t\t\t\t<\/div>\n\t\t\t\t<\/div>\n\t\t\t\t<div class=\"elementor-element elementor-element-08d298b elementor-widget elementor-widget-text-editor\" data-id=\"08d298b\" data-element_type=\"widget\" data-widget_type=\"text-editor.default\">\n\t\t\t\t<div class=\"elementor-widget-container\">\n\t\t\t\t\t<div class=\"elementor-text-editor elementor-clearfix\"><p class=\"font_9\"><span class=\"color_11\">Types of insurance coverage:<\/span><\/p><ul class=\"font_9 color_11\"><li><p class=\"font_9\"><span class=\"color_11\">Short-term account receivables,<\/span><\/p><\/li><li><p class=\"font_9\"><span class=\"color_11\">Production risk, Pre-shipments, Pre-credit risk,<\/span><\/p><\/li><li><p class=\"font_9\"><span class=\"color_11\">Political risks,<\/span><\/p><\/li><li><p class=\"font_9\"><span class=\"color_11\">Projects,<\/span><\/p><\/li><li><p class=\"font_9\"><span class=\"color_11\">Specific coverages.<\/span><\/p><\/li><\/ul><p class=\"font_9\"><span class=\"color_11\"><span class=\"wixGuard\">\u200b<\/span>\u200b<\/span><\/p><p class=\"font_9\"><span class=\"color_11\">Insured risks:<\/span><\/p><ul class=\"font_9 color_11\"><li><p class=\"font_9\"><span class=\"color_11\">Defaults from formal insolvency of the client (court-protected restructuring or bankruptcy),<\/span><\/p><\/li><li><p class=\"font_9\"><span class=\"color_11\">Informal defaults, e.g. protracted payments.<\/span><\/p><\/li><\/ul><p class=\"font_9\"><span class=\"color_11\"><span class=\"wixGuard\">\u200b<\/span>\u200b<\/span><\/p><p class=\"font_9\"><span class=\"color_11\">Excluded transactions:<\/span><\/p><ul class=\"font_9 color_11\"><li><p class=\"font_9\"><span class=\"color_11\">Advance payments, prepayments,<\/span><\/p><\/li><li><p class=\"font_9\"><span class=\"color_11\">Guarantees,<\/span><\/p><\/li><li><p class=\"font_9\"><span class=\"color_11\">Letter of credits (L\/Cs),<\/span><\/p><\/li><li><p class=\"font_9\"><span class=\"color_11\">Non-recourse factoring,<\/span><\/p><\/li><li><p class=\"font_9\"><span class=\"color_11\">Sales to related companies (Intercompany sales),<\/span><\/p><\/li><li><p class=\"font_9\"><span class=\"color_11\">Possibility to exclude public buyers.<\/span><\/p><\/li><\/ul><p class=\"font_9\"><span class=\"color_11\"><span class=\"wixGuard\">\u200b<\/span><\/span><\/p><p class=\"font_9\"><span class=\"color_11\">Types of contracts:<\/span><\/p><ul class=\"font_9 color_11\"><li><p class=\"font_9\"><span class=\"color_11\">Turnover (TO),<\/span><\/p><\/li><li><p class=\"font_9\"><span class=\"color_11\">Balance (BAL).<\/span><\/p><\/li><\/ul><p class=\"font_9\"><span class=\"color_11\"><span class=\"wixGuard\">\u200b<\/span>\u200b<\/span><\/p><p class=\"font_9\"><span class=\"color_11\">Credit limits:<\/span><\/p><ul class=\"font_9 color_11\"><li><p class=\"font_9\"><span class=\"color_11\">The insurance company sets a credit limit for each buyer included in the trade credit insurance. This limit means the maximum possible exposure (amount of outstanding receivables) to the buyer which insurance policy covers in case of loss event.<\/span><\/p><\/li><li><p class=\"font_9\"><span class=\"color_11\">The size of the limit can be affected by several different criteria. Some of the criteria are the amount of annual sales to the buyer, sales dynamics (potential seasonality pattern of sales), agreed payment terms together with the tolerated delay, etc.<\/span><\/p><\/li><li><p class=\"font_9\"><span class=\"color_11\">The insured may either exclude buyers below a certain limit (e.g. EUR 5,000, EUR 10,000, EUR 20,000, EUR 50,000, etc.) from the insurance or include it in the insurance under the clause of discretionary or automatic limits.<\/span><\/p><\/li><\/ul><p class=\"font_9\"><span class=\"color_11\"><span class=\"wixGuard\">\u200b<\/span>\u200b<\/span><\/p><p class=\"font_9\"><span class=\"color_11\">Self-retention:<\/span><\/p><ul class=\"font_9 color_11\"><li><p class=\"font_9\"><span class=\"color_11\">Self-retention represents the insured's own participation in case of loss event. For example, if a loss event in the amount of EUR 100,000 occurs and the insurance contract stipulates a self-retention rate of 10%, the insured would receive an insurance indemnity in the amount of EUR 90,000, and the insured's own share would be EUR 10,000. We tailor the self-retention percentage to the needs of our client. It can be traded-off against a lower insurance premium.<\/span><\/p><\/li><\/ul><p class=\"font_9\"><span class=\"color_11\"><span class=\"wixGuard\">\u200b<\/span>\u200b<\/span><\/p><p class=\"font_9\"><span class=\"color_11\">Dunning costs:<\/span><\/p><ul class=\"font_9 color_11\"><li><p class=\"font_9\"><span class=\"color_11\">are costs incurred in connection with external debt collection activities and are borne by the insurance company subject to any applicable self-retention percentage.\u00a0<\/span><\/p><\/li><\/ul><p class=\"font_9\"><span class=\"color_11\"><span class=\"wixGuard\">\u200b<\/span><\/span><\/p><p class=\"font_9\"><span class=\"color_11\">Presented are only some of the contents or parameters of the insurance contract. If you are interested in a more detailed presentation on the content, feel free to contact us. Our team would be happy to answer all your questions (free of charge).<\/span><\/p><\/div>\n\t\t\t\t<\/div>\n\t\t\t\t<\/div>\n\t\t\t\t<div class=\"elementor-element elementor-element-0373453 elementor-widget elementor-widget-spacer\" data-id=\"0373453\" data-element_type=\"widget\" data-widget_type=\"spacer.default\">\n\t\t\t\t<div class=\"elementor-widget-container\">\n\t\t\t\t\t<div class=\"elementor-spacer\">\n\t\t\t<div class=\"elementor-spacer-inner\"><\/div>\n\t\t<\/div>\n\t\t\t\t<\/div>\n\t\t\t\t<\/div>\n\t\t\t\t\t<\/div>\n\t\t<\/div>\n\t\t\t\t\t\t\t<\/div>\n\t\t<\/section>\n\t\t\t\t\t\t<\/div>\n\t\t\t\t\t<\/div>","protected":false},"excerpt":{"rendered":"<p>Zavarovalna pogodba Vrste zavarovalnega kritja: Kratkoro\u010dne poslovne terjatve, Proizvodni riziko \/ Specifi\u010dno blago \/ Predkreditno tveganje, Politi\u010dna tveganja, Projekti, Specifi\u010dna kritja. \u200b\u200b Kriti riziki: Trajna insolventnost kupca (prisilna poravnava, ste\u010daj), Podalj\u0161ana zamuda pla\u010dila. \u200b\u200b Izklju\u010den promet: Predpla\u010dila, Ban\u010dne garancije, Akreditiv, Neregresni faktoring, Prodaja povezanim podjetjem, Mo\u017enost izklju\u010ditve prometa do javnih oseb. \u200b Vrste pogodb: Od [&hellip;]<\/p>","protected":false},"author":1,"featured_media":0,"parent":0,"menu_order":0,"comment_status":"closed","ping_status":"closed","template":"page-templates\/page_front-page.php","meta":[],"_links":{"self":[{"href":"https:\/\/adriatraderisk.hr\/en_us\/wp-json\/wp\/v2\/pages\/837"}],"collection":[{"href":"https:\/\/adriatraderisk.hr\/en_us\/wp-json\/wp\/v2\/pages"}],"about":[{"href":"https:\/\/adriatraderisk.hr\/en_us\/wp-json\/wp\/v2\/types\/page"}],"author":[{"embeddable":true,"href":"https:\/\/adriatraderisk.hr\/en_us\/wp-json\/wp\/v2\/users\/1"}],"replies":[{"embeddable":true,"href":"https:\/\/adriatraderisk.hr\/en_us\/wp-json\/wp\/v2\/comments?post=837"}],"version-history":[{"count":10,"href":"https:\/\/adriatraderisk.hr\/en_us\/wp-json\/wp\/v2\/pages\/837\/revisions"}],"predecessor-version":[{"id":958,"href":"https:\/\/adriatraderisk.hr\/en_us\/wp-json\/wp\/v2\/pages\/837\/revisions\/958"}],"wp:attachment":[{"href":"https:\/\/adriatraderisk.hr\/en_us\/wp-json\/wp\/v2\/media?parent=837"}],"curies":[{"name":"wp","href":"https:\/\/api.w.org\/{rel}","templated":true}]}}