{"id":818,"date":"2021-02-25T23:19:06","date_gmt":"2021-02-25T23:19:06","guid":{"rendered":"https:\/\/adriatraderisk.hr\/?page_id=818"},"modified":"2021-03-09T17:53:19","modified_gmt":"2021-03-09T17:53:19","slug":"zavarovanje-terjatev-sub","status":"publish","type":"page","link":"https:\/\/adriatraderisk.hr\/en_us\/zavarovanje-terjatev-sub\/","title":{"rendered":"Trade credit insurance"},"content":{"rendered":"<div data-elementor-type=\"wp-page\" data-elementor-id=\"818\" class=\"elementor elementor-818\" data-elementor-settings=\"[]\">\n\t\t\t\t\t\t\t<div class=\"elementor-section-wrap\">\n\t\t\t\t\t\t\t<section class=\"elementor-section elementor-top-section elementor-element elementor-element-89e8bf4 elementor-section-boxed elementor-section-height-default elementor-section-height-default\" data-id=\"89e8bf4\" data-element_type=\"section\">\n\t\t\t\t\t\t<div class=\"elementor-container elementor-column-gap-default\">\n\t\t\t\t\t<div class=\"elementor-column elementor-col-100 elementor-top-column elementor-element elementor-element-c846d98\" data-id=\"c846d98\" data-element_type=\"column\">\n\t\t\t<div class=\"elementor-widget-wrap elementor-element-populated\">\n\t\t\t\t\t\t\t\t<div class=\"elementor-element elementor-element-c9956d1 elementor-widget elementor-widget-spacer\" data-id=\"c9956d1\" data-element_type=\"widget\" data-widget_type=\"spacer.default\">\n\t\t\t\t<div class=\"elementor-widget-container\">\n\t\t\t\t\t<div class=\"elementor-spacer\">\n\t\t\t<div class=\"elementor-spacer-inner\"><\/div>\n\t\t<\/div>\n\t\t\t\t<\/div>\n\t\t\t\t<\/div>\n\t\t\t\t<div class=\"elementor-element elementor-element-cb808d9 elementor-widget elementor-widget-heading\" data-id=\"cb808d9\" data-element_type=\"widget\" data-widget_type=\"heading.default\">\n\t\t\t\t<div class=\"elementor-widget-container\">\n\t\t\t<h1 class=\"elementor-heading-title elementor-size-default\">What is Trade credit insurance?<\/h1>\t\t<\/div>\n\t\t\t\t<\/div>\n\t\t\t\t<div class=\"elementor-element elementor-element-204d07e elementor-widget elementor-widget-spacer\" data-id=\"204d07e\" data-element_type=\"widget\" data-widget_type=\"spacer.default\">\n\t\t\t\t<div class=\"elementor-widget-container\">\n\t\t\t\t\t<div class=\"elementor-spacer\">\n\t\t\t<div class=\"elementor-spacer-inner\"><\/div>\n\t\t<\/div>\n\t\t\t\t<\/div>\n\t\t\t\t<\/div>\n\t\t\t\t<div class=\"elementor-element elementor-element-99b5ab0 elementor-widget elementor-widget-text-editor\" data-id=\"99b5ab0\" data-element_type=\"widget\" data-widget_type=\"text-editor.default\">\n\t\t\t\t<div class=\"elementor-widget-container\">\n\t\t\t\t\t<div class=\"elementor-text-editor elementor-clearfix\"><p>With Trade credit insurance, the company can transfer to the insurance company the risk of non-payment of buyers due to permanent insolvency or bankruptcy of the buyer, or extended delays in payment of the buyer. As a result, Trade credit insurance also allows companies to feel safe in approving higher limits to their current buyers or in finding new customers who would otherwise seem too risky. It is important that the insurance is tailored to each client's business model, as this is the most optimal way to cover credit risks.<\/p><\/div>\n\t\t\t\t<\/div>\n\t\t\t\t<\/div>\n\t\t\t\t<div class=\"elementor-element elementor-element-bdf7d8d elementor-widget elementor-widget-spacer\" data-id=\"bdf7d8d\" data-element_type=\"widget\" data-widget_type=\"spacer.default\">\n\t\t\t\t<div class=\"elementor-widget-container\">\n\t\t\t\t\t<div class=\"elementor-spacer\">\n\t\t\t<div class=\"elementor-spacer-inner\"><\/div>\n\t\t<\/div>\n\t\t\t\t<\/div>\n\t\t\t\t<\/div>\n\t\t\t\t\t<\/div>\n\t\t<\/div>\n\t\t\t\t\t\t\t<\/div>\n\t\t<\/section>\n\t\t\t\t<section class=\"elementor-section elementor-top-section elementor-element elementor-element-43e7c9f elementor-section-boxed elementor-section-height-default elementor-section-height-default\" data-id=\"43e7c9f\" data-element_type=\"section\" data-settings=\"{&quot;background_background&quot;:&quot;classic&quot;}\">\n\t\t\t\t\t\t<div class=\"elementor-container elementor-column-gap-default\">\n\t\t\t\t\t<div class=\"elementor-column elementor-col-100 elementor-top-column elementor-element elementor-element-fc3b8e4\" data-id=\"fc3b8e4\" data-element_type=\"column\">\n\t\t\t<div class=\"elementor-widget-wrap elementor-element-populated\">\n\t\t\t\t\t\t\t\t<div class=\"elementor-element elementor-element-09ed79c elementor-widget elementor-widget-spacer\" data-id=\"09ed79c\" data-element_type=\"widget\" data-widget_type=\"spacer.default\">\n\t\t\t\t<div class=\"elementor-widget-container\">\n\t\t\t\t\t<div class=\"elementor-spacer\">\n\t\t\t<div class=\"elementor-spacer-inner\"><\/div>\n\t\t<\/div>\n\t\t\t\t<\/div>\n\t\t\t\t<\/div>\n\t\t\t\t<div class=\"elementor-element elementor-element-f0d87a6 elementor-widget elementor-widget-heading\" data-id=\"f0d87a6\" data-element_type=\"widget\" data-widget_type=\"heading.default\">\n\t\t\t\t<div class=\"elementor-widget-container\">\n\t\t\t<h3 class=\"elementor-heading-title elementor-size-default\">The main advantages of Trade credit insurance<\/h3>\t\t<\/div>\n\t\t\t\t<\/div>\n\t\t\t\t<div class=\"elementor-element elementor-element-1e51c0d elementor-widget elementor-widget-spacer\" data-id=\"1e51c0d\" data-element_type=\"widget\" data-widget_type=\"spacer.default\">\n\t\t\t\t<div class=\"elementor-widget-container\">\n\t\t\t\t\t<div class=\"elementor-spacer\">\n\t\t\t<div class=\"elementor-spacer-inner\"><\/div>\n\t\t<\/div>\n\t\t\t\t<\/div>\n\t\t\t\t<\/div>\n\t\t\t\t<section class=\"elementor-section elementor-inner-section elementor-element elementor-element-f5f8b7a elementor-section-boxed elementor-section-height-default elementor-section-height-default\" data-id=\"f5f8b7a\" data-element_type=\"section\">\n\t\t\t\t\t\t<div class=\"elementor-container elementor-column-gap-default\">\n\t\t\t\t\t<div class=\"elementor-column elementor-col-33 elementor-inner-column elementor-element elementor-element-6b159a1\" data-id=\"6b159a1\" data-element_type=\"column\" data-settings=\"{&quot;background_background&quot;:&quot;classic&quot;}\">\n\t\t\t<div class=\"elementor-widget-wrap elementor-element-populated\">\n\t\t\t\t\t\t\t\t<div class=\"elementor-element elementor-element-86ce45a elementor-widget elementor-widget-text-editor\" data-id=\"86ce45a\" data-element_type=\"widget\" data-widget_type=\"text-editor.default\">\n\t\t\t\t<div class=\"elementor-widget-container\">\n\t\t\t\t\t<div class=\"elementor-text-editor elementor-clearfix\"><div id=\"comp-kkx5o6xs1\" class=\"_1Z_nJ\" data-testid=\"richTextElement\"><h2 class=\"font_8\"><span class=\"color_11\">Greater competitiveness<\/span><\/h2><\/div><div id=\"comp-kkx5o6xs2\" class=\"_1Z_nJ\" data-testid=\"richTextElement\"><p class=\"font_9\"><span class=\"color_11\">Companies improve their competitiveness in the market by offering their existing or new buyers an open account method of payment.<\/span><\/p><\/div><\/div>\n\t\t\t\t<\/div>\n\t\t\t\t<\/div>\n\t\t\t\t\t<\/div>\n\t\t<\/div>\n\t\t\t\t<div class=\"elementor-column elementor-col-33 elementor-inner-column elementor-element elementor-element-76c90b7\" data-id=\"76c90b7\" data-element_type=\"column\" data-settings=\"{&quot;background_background&quot;:&quot;classic&quot;}\">\n\t\t\t<div class=\"elementor-widget-wrap elementor-element-populated\">\n\t\t\t\t\t\t\t\t<div class=\"elementor-element elementor-element-f975946 elementor-widget elementor-widget-text-editor\" data-id=\"f975946\" data-element_type=\"widget\" data-widget_type=\"text-editor.default\">\n\t\t\t\t<div class=\"elementor-widget-container\">\n\t\t\t\t\t<div class=\"elementor-text-editor elementor-clearfix\"><div id=\"comp-kkx5o6xs4\" class=\"_1Z_nJ\" data-testid=\"richTextElement\"><h2 class=\"font_8\"><span class=\"color_11\">Access to up-to-date customer credit information<\/span><\/h2><\/div><div id=\"comp-kkx5o6xs5\" class=\"_1Z_nJ\" data-testid=\"richTextElement\"><p class=\"font_9\"><span class=\"color_11\">The company has access to up-to-date information on the creditworthiness or credit ratings of its buyers, as insurance companies carry out constant monitoring of exposure to debtors. It is very likely that your buyer is also a buyer of another company that is insured with the same insurance company, which gives the insurance company up-to-date information on solvency from several sources and thus detects possible increased risks sooner.<\/span><\/p><\/div><\/div>\n\t\t\t\t<\/div>\n\t\t\t\t<\/div>\n\t\t\t\t\t<\/div>\n\t\t<\/div>\n\t\t\t\t<div class=\"elementor-column elementor-col-33 elementor-inner-column elementor-element elementor-element-c3faa01\" data-id=\"c3faa01\" data-element_type=\"column\" data-settings=\"{&quot;background_background&quot;:&quot;classic&quot;}\">\n\t\t\t<div class=\"elementor-widget-wrap elementor-element-populated\">\n\t\t\t\t\t\t\t\t<div class=\"elementor-element elementor-element-3dc1d2a elementor-widget elementor-widget-text-editor\" data-id=\"3dc1d2a\" data-element_type=\"widget\" data-widget_type=\"text-editor.default\">\n\t\t\t\t<div class=\"elementor-widget-container\">\n\t\t\t\t\t<div class=\"elementor-text-editor elementor-clearfix\"><div id=\"comp-kkx5o6xs1\" class=\"_1Z_nJ\" data-testid=\"richTextElement\"><div id=\"comp-kkx5o6xs7\" class=\"_1Z_nJ\" data-testid=\"richTextElement\"><h2 class=\"font_8\"><span class=\"color_11\">Easier access to new markets<\/span><\/h2><\/div><div id=\"comp-kkx5o6xs8\" class=\"_1Z_nJ\" data-testid=\"richTextElement\"><p class=\"font_9\"><span class=\"color_11\">Planning to expand into foreign markets becomes easier, as the company has access to cheaper, easier and most likely more extensive and better insight into the creditworthiness of potential buyers through the insurance company.<\/span><\/p><\/div><\/div><\/div>\n\t\t\t\t<\/div>\n\t\t\t\t<\/div>\n\t\t\t\t\t<\/div>\n\t\t<\/div>\n\t\t\t\t\t\t\t<\/div>\n\t\t<\/section>\n\t\t\t\t<section class=\"elementor-section elementor-inner-section elementor-element elementor-element-6df21af elementor-section-boxed elementor-section-height-default elementor-section-height-default\" data-id=\"6df21af\" data-element_type=\"section\">\n\t\t\t\t\t\t<div class=\"elementor-container elementor-column-gap-default\">\n\t\t\t\t\t<div class=\"elementor-column elementor-col-33 elementor-inner-column elementor-element elementor-element-70715e6\" data-id=\"70715e6\" data-element_type=\"column\" data-settings=\"{&quot;background_background&quot;:&quot;classic&quot;}\">\n\t\t\t<div class=\"elementor-widget-wrap elementor-element-populated\">\n\t\t\t\t\t\t\t\t<div class=\"elementor-element elementor-element-632454f elementor-widget elementor-widget-text-editor\" data-id=\"632454f\" data-element_type=\"widget\" data-widget_type=\"text-editor.default\">\n\t\t\t\t<div class=\"elementor-widget-container\">\n\t\t\t\t\t<div class=\"elementor-text-editor elementor-clearfix\"><div id=\"comp-kkx5o6xs1\" class=\"_1Z_nJ\" data-testid=\"richTextElement\"><div id=\"comp-kkx5o6xt2\" class=\"_1Z_nJ\" data-testid=\"richTextElement\"><h2 class=\"font_8\"><span class=\"color_11\">Greater bargaining power<\/span><\/h2><\/div><div id=\"comp-kkx5o6xt3\" class=\"_1Z_nJ\" data-testid=\"richTextElement\"><p class=\"font_9\"><span class=\"color_11\">With the fact that the company is backed by an insurance company, this improves the bargaining power towards buyers, suppliers, banks and other sources of financing.<\/span><\/p><\/div><\/div><\/div>\n\t\t\t\t<\/div>\n\t\t\t\t<\/div>\n\t\t\t\t\t<\/div>\n\t\t<\/div>\n\t\t\t\t<div class=\"elementor-column elementor-col-33 elementor-inner-column elementor-element elementor-element-a903057\" data-id=\"a903057\" data-element_type=\"column\" data-settings=\"{&quot;background_background&quot;:&quot;classic&quot;}\">\n\t\t\t<div class=\"elementor-widget-wrap elementor-element-populated\">\n\t\t\t\t\t\t\t\t<div class=\"elementor-element elementor-element-7fba80a elementor-widget elementor-widget-text-editor\" data-id=\"7fba80a\" data-element_type=\"widget\" data-widget_type=\"text-editor.default\">\n\t\t\t\t<div class=\"elementor-widget-container\">\n\t\t\t\t\t<div class=\"elementor-text-editor elementor-clearfix\"><div id=\"comp-kkx5o6xs4\" class=\"_1Z_nJ\" data-testid=\"richTextElement\">\n<div id=\"comp-kkx5o6xt5\" class=\"_1Z_nJ\" data-testid=\"richTextElement\">\n<h2 class=\"font_8\"><span class=\"color_11\">Better liquidity and realization of planned cash flows<\/span><\/h2>\n<\/div>\n<div id=\"comp-kkx5o6xt6\" class=\"_1Z_nJ\" data-testid=\"richTextElement\">\n<p class=\"font_9\"><span class=\"color_11\">By ensuring a more stable repayment of outstanding receivables, the company thus ensures better liquidity and easier cash flow planning.<\/span><\/p>\n<\/div>\n<\/div><\/div>\n\t\t\t\t<\/div>\n\t\t\t\t<\/div>\n\t\t\t\t\t<\/div>\n\t\t<\/div>\n\t\t\t\t<div class=\"elementor-column elementor-col-33 elementor-inner-column elementor-element elementor-element-262f822\" data-id=\"262f822\" data-element_type=\"column\" data-settings=\"{&quot;background_background&quot;:&quot;classic&quot;}\">\n\t\t\t<div class=\"elementor-widget-wrap elementor-element-populated\">\n\t\t\t\t\t\t\t\t<div class=\"elementor-element elementor-element-dc8fc90 elementor-widget elementor-widget-text-editor\" data-id=\"dc8fc90\" data-element_type=\"widget\" data-widget_type=\"text-editor.default\">\n\t\t\t\t<div class=\"elementor-widget-container\">\n\t\t\t\t\t<div class=\"elementor-text-editor elementor-clearfix\"><div id=\"comp-kkx5o6xs1\" class=\"_1Z_nJ\" data-testid=\"richTextElement\"><div id=\"comp-kkx5o6xs7\" class=\"_1Z_nJ\" data-testid=\"richTextElement\"><div id=\"comp-kkx5o6xt8\" class=\"_1Z_nJ\" data-testid=\"richTextElement\"><div id=\"comp-kkx5o6xt8\" class=\"_1Z_nJ\" data-testid=\"richTextElement\"><h2 class=\"font_8\"><span class=\"color_11\">More efficient debt collection<\/span><\/h2><\/div><div id=\"comp-kkx5o6xu\" class=\"_1Z_nJ\" data-testid=\"richTextElement\"><p class=\"font_9\"><span class=\"color_11\">The advantage of Trade credit insurance is also that the insurance company and its collection team are included in the collection of unpaid overdue receivables at the request of the company. This directly affects the success of recoveries.<\/span><\/p><\/div><\/div><\/div><\/div><\/div>\n\t\t\t\t<\/div>\n\t\t\t\t<\/div>\n\t\t\t\t\t<\/div>\n\t\t<\/div>\n\t\t\t\t\t\t\t<\/div>\n\t\t<\/section>\n\t\t\t\t<div class=\"elementor-element elementor-element-ed36f5d elementor-align-center elementor-widget elementor-widget-button\" data-id=\"ed36f5d\" data-element_type=\"widget\" data-widget_type=\"button.default\">\n\t\t\t\t<div class=\"elementor-widget-container\">\n\t\t\t\t\t<div class=\"elementor-button-wrapper\">\n\t\t\t<a href=\"https:\/\/adriatraderisk.hr\/en_us\/zavarovalna-pogodba\/\" class=\"elementor-button-link elementor-button elementor-size-sm\" role=\"button\">\n\t\t\t\t\t\t<span class=\"elementor-button-content-wrapper\">\n\t\t\t\t\t\t<span class=\"elementor-button-text\">More about the insurance contract<\/span>\n\t\t<\/span>\n\t\t\t\t\t<\/a>\n\t\t<\/div>\n\t\t\t\t<\/div>\n\t\t\t\t<\/div>\n\t\t\t\t<div class=\"elementor-element elementor-element-878c55d elementor-widget elementor-widget-spacer\" data-id=\"878c55d\" data-element_type=\"widget\" data-widget_type=\"spacer.default\">\n\t\t\t\t<div class=\"elementor-widget-container\">\n\t\t\t\t\t<div class=\"elementor-spacer\">\n\t\t\t<div class=\"elementor-spacer-inner\"><\/div>\n\t\t<\/div>\n\t\t\t\t<\/div>\n\t\t\t\t<\/div>\n\t\t\t\t\t<\/div>\n\t\t<\/div>\n\t\t\t\t\t\t\t<\/div>\n\t\t<\/section>\n\t\t\t\t\t\t<\/div>\n\t\t\t\t\t<\/div>","protected":false},"excerpt":{"rendered":"<p>Kaj je zavarovanje terjatev? Z zavarovanjem terjatev lahko podjetje na zavarovalnico prenese tveganje nepla\u010dil kupcev zaradi trajne nesolventnosti oziroma ste\u010daja kupca, ali pa podalj\u0161ane zamude pla\u010dila kupca. Zavarovanje terjatev posledi\u010dno tudi omogo\u010da podjetjem, da se po\u010dutijo varne pri odobravanju ve\u010djih limitov svojim trenutnim kupcem ali pa pri iskanju novih, ve\u010djih kupcev, ki bi se sicer [&hellip;]<\/p>","protected":false},"author":1,"featured_media":0,"parent":0,"menu_order":0,"comment_status":"closed","ping_status":"closed","template":"page-templates\/page_front-page.php","meta":[],"_links":{"self":[{"href":"https:\/\/adriatraderisk.hr\/en_us\/wp-json\/wp\/v2\/pages\/818"}],"collection":[{"href":"https:\/\/adriatraderisk.hr\/en_us\/wp-json\/wp\/v2\/pages"}],"about":[{"href":"https:\/\/adriatraderisk.hr\/en_us\/wp-json\/wp\/v2\/types\/page"}],"author":[{"embeddable":true,"href":"https:\/\/adriatraderisk.hr\/en_us\/wp-json\/wp\/v2\/users\/1"}],"replies":[{"embeddable":true,"href":"https:\/\/adriatraderisk.hr\/en_us\/wp-json\/wp\/v2\/comments?post=818"}],"version-history":[{"count":22,"href":"https:\/\/adriatraderisk.hr\/en_us\/wp-json\/wp\/v2\/pages\/818\/revisions"}],"predecessor-version":[{"id":1326,"href":"https:\/\/adriatraderisk.hr\/en_us\/wp-json\/wp\/v2\/pages\/818\/revisions\/1326"}],"wp:attachment":[{"href":"https:\/\/adriatraderisk.hr\/en_us\/wp-json\/wp\/v2\/media?parent=818"}],"curies":[{"name":"wp","href":"https:\/\/api.w.org\/{rel}","templated":true}]}}