{"id":813,"date":"2021-02-25T23:13:43","date_gmt":"2021-02-25T23:13:43","guid":{"rendered":"https:\/\/adriatraderisk.hr\/?page_id=813"},"modified":"2021-02-26T10:19:30","modified_gmt":"2021-02-26T10:19:30","slug":"kreditna-tveganja","status":"publish","type":"page","link":"https:\/\/adriatraderisk.hr\/en_us\/kreditna-tveganja\/","title":{"rendered":"Credit risks"},"content":{"rendered":"<div data-elementor-type=\"wp-page\" data-elementor-id=\"813\" class=\"elementor elementor-813\" data-elementor-settings=\"[]\">\n\t\t\t\t\t\t\t<div class=\"elementor-section-wrap\">\n\t\t\t\t\t\t\t<section class=\"elementor-section elementor-top-section elementor-element elementor-element-571d51d elementor-section-boxed elementor-section-height-default elementor-section-height-default\" data-id=\"571d51d\" data-element_type=\"section\">\n\t\t\t\t\t\t<div class=\"elementor-container elementor-column-gap-default\">\n\t\t\t\t\t<div class=\"elementor-column elementor-col-100 elementor-top-column elementor-element elementor-element-48003eb\" data-id=\"48003eb\" data-element_type=\"column\">\n\t\t\t<div class=\"elementor-widget-wrap elementor-element-populated\">\n\t\t\t\t\t\t\t\t<div class=\"elementor-element elementor-element-62442bb elementor-widget elementor-widget-spacer\" data-id=\"62442bb\" data-element_type=\"widget\" data-widget_type=\"spacer.default\">\n\t\t\t\t<div class=\"elementor-widget-container\">\n\t\t\t\t\t<div class=\"elementor-spacer\">\n\t\t\t<div class=\"elementor-spacer-inner\"><\/div>\n\t\t<\/div>\n\t\t\t\t<\/div>\n\t\t\t\t<\/div>\n\t\t\t\t<div class=\"elementor-element elementor-element-f66647d elementor-widget elementor-widget-heading\" data-id=\"f66647d\" data-element_type=\"widget\" data-widget_type=\"heading.default\">\n\t\t\t\t<div class=\"elementor-widget-container\">\n\t\t\t<h1 class=\"elementor-heading-title elementor-size-default\">What are credit risks?<\/h1>\t\t<\/div>\n\t\t\t\t<\/div>\n\t\t\t\t<div class=\"elementor-element elementor-element-094bb2b elementor-widget elementor-widget-spacer\" data-id=\"094bb2b\" data-element_type=\"widget\" data-widget_type=\"spacer.default\">\n\t\t\t\t<div class=\"elementor-widget-container\">\n\t\t\t\t\t<div class=\"elementor-spacer\">\n\t\t\t<div class=\"elementor-spacer-inner\"><\/div>\n\t\t<\/div>\n\t\t\t\t<\/div>\n\t\t\t\t<\/div>\n\t\t\t\t<div class=\"elementor-element elementor-element-0071112 elementor-widget elementor-widget-text-editor\" data-id=\"0071112\" data-element_type=\"widget\" data-widget_type=\"text-editor.default\">\n\t\t\t\t<div class=\"elementor-widget-container\">\n\t\t\t\t\t<div class=\"elementor-text-editor elementor-clearfix\"><p>Credit risks are the risks that receivables with deferred payment to buyers and other business partners will be settled only partially or not at all. Buyer defaults are passed on to other economic operators through a chain reaction, which significantly worsens the assessment of timely inflows and creates additional costs of financing operations. In order to avoid payment indiscipline, other types of payment may be imposed to buyers, such as advance payments, bank guarantees, non-recourse factoring, and other financial instruments, but in many cases this way of doing business may result in either loss of competitiveness or excessive costs. In order to reduce the exposure to credit risks, companies may also take out trade credit insurance.<\/p><\/div>\n\t\t\t\t<\/div>\n\t\t\t\t<\/div>\n\t\t\t\t<div class=\"elementor-element elementor-element-b24a31a elementor-widget elementor-widget-button\" data-id=\"b24a31a\" data-element_type=\"widget\" data-widget_type=\"button.default\">\n\t\t\t\t<div class=\"elementor-widget-container\">\n\t\t\t\t\t<div class=\"elementor-button-wrapper\">\n\t\t\t<a href=\"https:\/\/adriatraderisk.hr\/en_us\/zavarovanje-terjatev-sub\/\" class=\"elementor-button-link elementor-button elementor-size-sm\" role=\"button\">\n\t\t\t\t\t\t<span class=\"elementor-button-content-wrapper\">\n\t\t\t\t\t\t<span class=\"elementor-button-text\">What is Trade credit insurance?<\/span>\n\t\t<\/span>\n\t\t\t\t\t<\/a>\n\t\t<\/div>\n\t\t\t\t<\/div>\n\t\t\t\t<\/div>\n\t\t\t\t<div class=\"elementor-element elementor-element-e6014d3 elementor-widget elementor-widget-spacer\" data-id=\"e6014d3\" data-element_type=\"widget\" data-widget_type=\"spacer.default\">\n\t\t\t\t<div class=\"elementor-widget-container\">\n\t\t\t\t\t<div class=\"elementor-spacer\">\n\t\t\t<div class=\"elementor-spacer-inner\"><\/div>\n\t\t<\/div>\n\t\t\t\t<\/div>\n\t\t\t\t<\/div>\n\t\t\t\t\t<\/div>\n\t\t<\/div>\n\t\t\t\t\t\t\t<\/div>\n\t\t<\/section>\n\t\t\t\t\t\t<\/div>\n\t\t\t\t\t<\/div>","protected":false},"excerpt":{"rendered":"<p>Kaj so kreditna tveganja? Kreditna\u00a0tveganja\u00a0so\u00a0tveganja, da bodo terjatve z odlo\u017eenim pla\u010dilom do kupcev in drugih poslovnih partnerjev poravnane le delno oziroma sploh ne bodo poravnane. Nepla\u010dila kupcev se prena\u0161ajo na gospodarske subjekte z veri\u017eno reakcijo, kar bistveno poslab\u0161a oceno pravo\u010dasnih prilivov in ustvarja dodatne stro\u0161ke financiranja poslovanja. V izogib pla\u010dilni nedisciplini se lahko do kupcev [&hellip;]<\/p>","protected":false},"author":1,"featured_media":0,"parent":0,"menu_order":0,"comment_status":"closed","ping_status":"closed","template":"page-templates\/page_front-page.php","meta":[],"_links":{"self":[{"href":"https:\/\/adriatraderisk.hr\/en_us\/wp-json\/wp\/v2\/pages\/813"}],"collection":[{"href":"https:\/\/adriatraderisk.hr\/en_us\/wp-json\/wp\/v2\/pages"}],"about":[{"href":"https:\/\/adriatraderisk.hr\/en_us\/wp-json\/wp\/v2\/types\/page"}],"author":[{"embeddable":true,"href":"https:\/\/adriatraderisk.hr\/en_us\/wp-json\/wp\/v2\/users\/1"}],"replies":[{"embeddable":true,"href":"https:\/\/adriatraderisk.hr\/en_us\/wp-json\/wp\/v2\/comments?post=813"}],"version-history":[{"count":13,"href":"https:\/\/adriatraderisk.hr\/en_us\/wp-json\/wp\/v2\/pages\/813\/revisions"}],"predecessor-version":[{"id":952,"href":"https:\/\/adriatraderisk.hr\/en_us\/wp-json\/wp\/v2\/pages\/813\/revisions\/952"}],"wp:attachment":[{"href":"https:\/\/adriatraderisk.hr\/en_us\/wp-json\/wp\/v2\/media?parent=813"}],"curies":[{"name":"wp","href":"https:\/\/api.w.org\/{rel}","templated":true}]}}