{"id":801,"date":"2021-02-25T22:58:45","date_gmt":"2021-02-25T22:58:45","guid":{"rendered":"https:\/\/adriatraderisk.hr\/?page_id=801"},"modified":"2021-02-26T18:35:41","modified_gmt":"2021-02-26T18:35:41","slug":"zavarovanje-terjatev","status":"publish","type":"page","link":"https:\/\/adriatraderisk.hr\/en_us\/zavarovanje-terjatev\/","title":{"rendered":"Trade credit insurance"},"content":{"rendered":"<div data-elementor-type=\"wp-page\" data-elementor-id=\"801\" class=\"elementor elementor-801\" data-elementor-settings=\"[]\">\n\t\t\t\t\t\t\t<div class=\"elementor-section-wrap\">\n\t\t\t\t\t\t\t<section class=\"elementor-section elementor-top-section elementor-element elementor-element-5271410 elementor-section-boxed elementor-section-height-default elementor-section-height-default\" data-id=\"5271410\" data-element_type=\"section\">\n\t\t\t\t\t\t<div class=\"elementor-container elementor-column-gap-default\">\n\t\t\t\t\t<div class=\"elementor-column elementor-col-100 elementor-top-column elementor-element elementor-element-e8fb224\" data-id=\"e8fb224\" data-element_type=\"column\">\n\t\t\t<div class=\"elementor-widget-wrap elementor-element-populated\">\n\t\t\t\t\t\t\t\t<div class=\"elementor-element elementor-element-dbecb1f elementor-widget elementor-widget-spacer\" data-id=\"dbecb1f\" data-element_type=\"widget\" data-widget_type=\"spacer.default\">\n\t\t\t\t<div class=\"elementor-widget-container\">\n\t\t\t\t\t<div class=\"elementor-spacer\">\n\t\t\t<div class=\"elementor-spacer-inner\"><\/div>\n\t\t<\/div>\n\t\t\t\t<\/div>\n\t\t\t\t<\/div>\n\t\t\t\t<section class=\"elementor-section elementor-inner-section elementor-element elementor-element-0d86fe9 elementor-section-boxed elementor-section-height-default elementor-section-height-default\" data-id=\"0d86fe9\" data-element_type=\"section\">\n\t\t\t\t\t\t<div class=\"elementor-container elementor-column-gap-default\">\n\t\t\t\t\t<div class=\"elementor-column elementor-col-33 elementor-inner-column elementor-element elementor-element-cd0e1c3\" data-id=\"cd0e1c3\" data-element_type=\"column\">\n\t\t\t<div class=\"elementor-widget-wrap elementor-element-populated\">\n\t\t\t\t\t\t\t\t<div class=\"elementor-element elementor-element-eda67cb elementor-widget elementor-widget-image\" data-id=\"eda67cb\" data-element_type=\"widget\" data-widget_type=\"image.default\">\n\t\t\t\t<div class=\"elementor-widget-container\">\n\t\t\t\t\t<div class=\"elementor-image\">\n\t\t\t\t\t\t\t\t\t\t<img width=\"300\" height=\"300\" src=\"https:\/\/adriatraderisk.hr\/wp-content\/uploads\/2021\/02\/dices-over-newspaper-2656028_1920-300x300.jpg\" class=\"attachment-medium size-medium\" alt=\"\" decoding=\"async\" loading=\"lazy\" srcset=\"https:\/\/adriatraderisk.hr\/wp-content\/uploads\/2021\/02\/dices-over-newspaper-2656028_1920-300x300.jpg 300w, https:\/\/adriatraderisk.hr\/wp-content\/uploads\/2021\/02\/dices-over-newspaper-2656028_1920-150x150.jpg 150w, https:\/\/adriatraderisk.hr\/wp-content\/uploads\/2021\/02\/dices-over-newspaper-2656028_1920-230x230.jpg 230w, https:\/\/adriatraderisk.hr\/wp-content\/uploads\/2021\/02\/dices-over-newspaper-2656028_1920-350x350.jpg 350w, https:\/\/adriatraderisk.hr\/wp-content\/uploads\/2021\/02\/dices-over-newspaper-2656028_1920.jpg 440w\" sizes=\"(max-width: 300px) 100vw, 300px\" \/>\t\t\t\t\t\t\t\t\t\t\t<\/div>\n\t\t\t\t<\/div>\n\t\t\t\t<\/div>\n\t\t\t\t<div class=\"elementor-element elementor-element-c632d83 elementor-widget elementor-widget-spacer\" data-id=\"c632d83\" data-element_type=\"widget\" data-widget_type=\"spacer.default\">\n\t\t\t\t<div class=\"elementor-widget-container\">\n\t\t\t\t\t<div class=\"elementor-spacer\">\n\t\t\t<div class=\"elementor-spacer-inner\"><\/div>\n\t\t<\/div>\n\t\t\t\t<\/div>\n\t\t\t\t<\/div>\n\t\t\t\t<div class=\"elementor-element elementor-element-b5faf61 elementor-widget elementor-widget-heading\" data-id=\"b5faf61\" data-element_type=\"widget\" data-widget_type=\"heading.default\">\n\t\t\t\t<div class=\"elementor-widget-container\">\n\t\t\t<h2 class=\"elementor-heading-title elementor-size-default\">Credit risks<\/h2>\t\t<\/div>\n\t\t\t\t<\/div>\n\t\t\t\t<div class=\"elementor-element elementor-element-bb72b3a elementor-widget elementor-widget-spacer\" data-id=\"bb72b3a\" data-element_type=\"widget\" data-widget_type=\"spacer.default\">\n\t\t\t\t<div class=\"elementor-widget-container\">\n\t\t\t\t\t<div class=\"elementor-spacer\">\n\t\t\t<div class=\"elementor-spacer-inner\"><\/div>\n\t\t<\/div>\n\t\t\t\t<\/div>\n\t\t\t\t<\/div>\n\t\t\t\t<div class=\"elementor-element elementor-element-aeb6b08 elementor-align-center elementor-widget elementor-widget-button\" data-id=\"aeb6b08\" data-element_type=\"widget\" data-widget_type=\"button.default\">\n\t\t\t\t<div class=\"elementor-widget-container\">\n\t\t\t\t\t<div class=\"elementor-button-wrapper\">\n\t\t\t<a href=\"https:\/\/adriatraderisk.hr\/en_us\/kreditna-tveganja\/\" class=\"elementor-button-link elementor-button elementor-size-sm\" role=\"button\">\n\t\t\t\t\t\t<span class=\"elementor-button-content-wrapper\">\n\t\t\t\t\t\t<span class=\"elementor-button-text\">More about this<\/span>\n\t\t<\/span>\n\t\t\t\t\t<\/a>\n\t\t<\/div>\n\t\t\t\t<\/div>\n\t\t\t\t<\/div>\n\t\t\t\t\t<\/div>\n\t\t<\/div>\n\t\t\t\t<div class=\"elementor-column elementor-col-33 elementor-inner-column elementor-element elementor-element-7a5f9cd\" data-id=\"7a5f9cd\" data-element_type=\"column\">\n\t\t\t<div class=\"elementor-widget-wrap elementor-element-populated\">\n\t\t\t\t\t\t\t\t<div class=\"elementor-element elementor-element-b43b8e3 elementor-widget elementor-widget-image\" data-id=\"b43b8e3\" data-element_type=\"widget\" data-widget_type=\"image.default\">\n\t\t\t\t<div class=\"elementor-widget-container\">\n\t\t\t\t\t<div class=\"elementor-image\">\n\t\t\t\t\t\t\t\t\t\t<img width=\"300\" height=\"300\" src=\"https:\/\/adriatraderisk.hr\/wp-content\/uploads\/2021\/02\/business-15498_1920-300x300.jpg\" class=\"attachment-medium size-medium\" alt=\"\" decoding=\"async\" loading=\"lazy\" srcset=\"https:\/\/adriatraderisk.hr\/wp-content\/uploads\/2021\/02\/business-15498_1920-300x300.jpg 300w, https:\/\/adriatraderisk.hr\/wp-content\/uploads\/2021\/02\/business-15498_1920-150x150.jpg 150w, https:\/\/adriatraderisk.hr\/wp-content\/uploads\/2021\/02\/business-15498_1920-230x230.jpg 230w, https:\/\/adriatraderisk.hr\/wp-content\/uploads\/2021\/02\/business-15498_1920-350x350.jpg 350w, https:\/\/adriatraderisk.hr\/wp-content\/uploads\/2021\/02\/business-15498_1920.jpg 440w\" sizes=\"(max-width: 300px) 100vw, 300px\" \/>\t\t\t\t\t\t\t\t\t\t\t<\/div>\n\t\t\t\t<\/div>\n\t\t\t\t<\/div>\n\t\t\t\t<div class=\"elementor-element elementor-element-77b58dc elementor-widget elementor-widget-spacer\" data-id=\"77b58dc\" data-element_type=\"widget\" data-widget_type=\"spacer.default\">\n\t\t\t\t<div class=\"elementor-widget-container\">\n\t\t\t\t\t<div class=\"elementor-spacer\">\n\t\t\t<div class=\"elementor-spacer-inner\"><\/div>\n\t\t<\/div>\n\t\t\t\t<\/div>\n\t\t\t\t<\/div>\n\t\t\t\t<div class=\"elementor-element elementor-element-79fff04 elementor-widget elementor-widget-heading\" data-id=\"79fff04\" data-element_type=\"widget\" data-widget_type=\"heading.default\">\n\t\t\t\t<div class=\"elementor-widget-container\">\n\t\t\t<h2 class=\"elementor-heading-title elementor-size-default\">Trade credit insurance<\/h2>\t\t<\/div>\n\t\t\t\t<\/div>\n\t\t\t\t<div class=\"elementor-element elementor-element-6358732 elementor-widget elementor-widget-spacer\" data-id=\"6358732\" data-element_type=\"widget\" data-widget_type=\"spacer.default\">\n\t\t\t\t<div class=\"elementor-widget-container\">\n\t\t\t\t\t<div class=\"elementor-spacer\">\n\t\t\t<div class=\"elementor-spacer-inner\"><\/div>\n\t\t<\/div>\n\t\t\t\t<\/div>\n\t\t\t\t<\/div>\n\t\t\t\t<div class=\"elementor-element elementor-element-2cf2ec5 elementor-align-center elementor-widget elementor-widget-button\" data-id=\"2cf2ec5\" data-element_type=\"widget\" data-widget_type=\"button.default\">\n\t\t\t\t<div class=\"elementor-widget-container\">\n\t\t\t\t\t<div class=\"elementor-button-wrapper\">\n\t\t\t<a href=\"https:\/\/adriatraderisk.hr\/en_us\/zavarovanje-terjatev-sub\/\" class=\"elementor-button-link elementor-button elementor-size-sm\" role=\"button\">\n\t\t\t\t\t\t<span class=\"elementor-button-content-wrapper\">\n\t\t\t\t\t\t<span class=\"elementor-button-text\">More about this<\/span>\n\t\t<\/span>\n\t\t\t\t\t<\/a>\n\t\t<\/div>\n\t\t\t\t<\/div>\n\t\t\t\t<\/div>\n\t\t\t\t\t<\/div>\n\t\t<\/div>\n\t\t\t\t<div class=\"elementor-column elementor-col-33 elementor-inner-column elementor-element elementor-element-d838b33\" data-id=\"d838b33\" data-element_type=\"column\">\n\t\t\t<div class=\"elementor-widget-wrap elementor-element-populated\">\n\t\t\t\t\t\t\t\t<div class=\"elementor-element elementor-element-4b366bc elementor-widget elementor-widget-image\" data-id=\"4b366bc\" data-element_type=\"widget\" data-widget_type=\"image.default\">\n\t\t\t\t<div class=\"elementor-widget-container\">\n\t\t\t\t\t<div class=\"elementor-image\">\n\t\t\t\t\t\t\t\t\t\t<img width=\"300\" height=\"300\" src=\"https:\/\/adriatraderisk.hr\/wp-content\/uploads\/2021\/02\/man-5710164_1920-300x300.jpg\" class=\"attachment-medium size-medium\" alt=\"\" decoding=\"async\" loading=\"lazy\" srcset=\"https:\/\/adriatraderisk.hr\/wp-content\/uploads\/2021\/02\/man-5710164_1920-300x300.jpg 300w, https:\/\/adriatraderisk.hr\/wp-content\/uploads\/2021\/02\/man-5710164_1920-150x150.jpg 150w, https:\/\/adriatraderisk.hr\/wp-content\/uploads\/2021\/02\/man-5710164_1920-230x230.jpg 230w, https:\/\/adriatraderisk.hr\/wp-content\/uploads\/2021\/02\/man-5710164_1920-350x350.jpg 350w, https:\/\/adriatraderisk.hr\/wp-content\/uploads\/2021\/02\/man-5710164_1920.jpg 440w\" sizes=\"(max-width: 300px) 100vw, 300px\" \/>\t\t\t\t\t\t\t\t\t\t\t<\/div>\n\t\t\t\t<\/div>\n\t\t\t\t<\/div>\n\t\t\t\t<div class=\"elementor-element elementor-element-8afba67 elementor-widget elementor-widget-spacer\" data-id=\"8afba67\" data-element_type=\"widget\" data-widget_type=\"spacer.default\">\n\t\t\t\t<div class=\"elementor-widget-container\">\n\t\t\t\t\t<div class=\"elementor-spacer\">\n\t\t\t<div class=\"elementor-spacer-inner\"><\/div>\n\t\t<\/div>\n\t\t\t\t<\/div>\n\t\t\t\t<\/div>\n\t\t\t\t<div class=\"elementor-element elementor-element-b002878 elementor-widget elementor-widget-heading\" data-id=\"b002878\" data-element_type=\"widget\" data-widget_type=\"heading.default\">\n\t\t\t\t<div class=\"elementor-widget-container\">\n\t\t\t<h2 class=\"elementor-heading-title elementor-size-default\">Insurance contract<\/h2>\t\t<\/div>\n\t\t\t\t<\/div>\n\t\t\t\t<div class=\"elementor-element elementor-element-8f0c40d elementor-widget elementor-widget-spacer\" data-id=\"8f0c40d\" data-element_type=\"widget\" data-widget_type=\"spacer.default\">\n\t\t\t\t<div class=\"elementor-widget-container\">\n\t\t\t\t\t<div class=\"elementor-spacer\">\n\t\t\t<div class=\"elementor-spacer-inner\"><\/div>\n\t\t<\/div>\n\t\t\t\t<\/div>\n\t\t\t\t<\/div>\n\t\t\t\t<div class=\"elementor-element elementor-element-f55f0f0 elementor-align-center elementor-widget elementor-widget-button\" data-id=\"f55f0f0\" data-element_type=\"widget\" data-widget_type=\"button.default\">\n\t\t\t\t<div class=\"elementor-widget-container\">\n\t\t\t\t\t<div class=\"elementor-button-wrapper\">\n\t\t\t<a href=\"https:\/\/adriatraderisk.hr\/en_us\/zavarovalna-pogodba\/\" class=\"elementor-button-link elementor-button elementor-size-sm\" role=\"button\">\n\t\t\t\t\t\t<span class=\"elementor-button-content-wrapper\">\n\t\t\t\t\t\t<span class=\"elementor-button-text\">More about this<\/span>\n\t\t<\/span>\n\t\t\t\t\t<\/a>\n\t\t<\/div>\n\t\t\t\t<\/div>\n\t\t\t\t<\/div>\n\t\t\t\t\t<\/div>\n\t\t<\/div>\n\t\t\t\t\t\t\t<\/div>\n\t\t<\/section>\n\t\t\t\t<div class=\"elementor-element elementor-element-2c42fe0 elementor-widget elementor-widget-spacer\" data-id=\"2c42fe0\" data-element_type=\"widget\" data-widget_type=\"spacer.default\">\n\t\t\t\t<div class=\"elementor-widget-container\">\n\t\t\t\t\t<div class=\"elementor-spacer\">\n\t\t\t<div class=\"elementor-spacer-inner\"><\/div>\n\t\t<\/div>\n\t\t\t\t<\/div>\n\t\t\t\t<\/div>\n\t\t\t\t\t<\/div>\n\t\t<\/div>\n\t\t\t\t\t\t\t<\/div>\n\t\t<\/section>\n\t\t\t\t\t\t<\/div>\n\t\t\t\t\t<\/div>","protected":false},"excerpt":{"rendered":"<p>Kreditna tveganja Ve\u010d o tem Zavarovanje terjatev Ve\u010d o tem Zavarovalna pogodba Ve\u010d o tem<\/p>","protected":false},"author":1,"featured_media":0,"parent":0,"menu_order":0,"comment_status":"closed","ping_status":"closed","template":"page-templates\/page_front-page.php","meta":[],"_links":{"self":[{"href":"https:\/\/adriatraderisk.hr\/en_us\/wp-json\/wp\/v2\/pages\/801"}],"collection":[{"href":"https:\/\/adriatraderisk.hr\/en_us\/wp-json\/wp\/v2\/pages"}],"about":[{"href":"https:\/\/adriatraderisk.hr\/en_us\/wp-json\/wp\/v2\/types\/page"}],"author":[{"embeddable":true,"href":"https:\/\/adriatraderisk.hr\/en_us\/wp-json\/wp\/v2\/users\/1"}],"replies":[{"embeddable":true,"href":"https:\/\/adriatraderisk.hr\/en_us\/wp-json\/wp\/v2\/comments?post=801"}],"version-history":[{"count":16,"href":"https:\/\/adriatraderisk.hr\/en_us\/wp-json\/wp\/v2\/pages\/801\/revisions"}],"predecessor-version":[{"id":1159,"href":"https:\/\/adriatraderisk.hr\/en_us\/wp-json\/wp\/v2\/pages\/801\/revisions\/1159"}],"wp:attachment":[{"href":"https:\/\/adriatraderisk.hr\/en_us\/wp-json\/wp\/v2\/media?parent=801"}],"curies":[{"name":"wp","href":"https:\/\/api.w.org\/{rel}","templated":true}]}}