{"id":372,"date":"2019-10-30T19:49:14","date_gmt":"2019-10-30T19:49:14","guid":{"rendered":"http:\/\/demo.athemes.com\/sydney-redesign\/?page_id=372"},"modified":"2021-03-09T17:50:05","modified_gmt":"2021-03-09T17:50:05","slug":"nase-delo","status":"publish","type":"page","link":"https:\/\/adriatraderisk.hr\/en_us\/nase-delo\/","title":{"rendered":"Work process"},"content":{"rendered":"<div data-elementor-type=\"wp-page\" data-elementor-id=\"372\" class=\"elementor elementor-372\" data-elementor-settings=\"[]\">\n\t\t\t\t\t\t\t<div class=\"elementor-section-wrap\">\n\t\t\t\t\t\t\t<section class=\"elementor-section elementor-top-section elementor-element elementor-element-44e53083 elementor-section-boxed elementor-section-height-default elementor-section-height-default\" data-id=\"44e53083\" data-element_type=\"section\" data-settings=\"{&quot;background_background&quot;:&quot;classic&quot;}\">\n\t\t\t\t\t\t<div class=\"elementor-container elementor-column-gap-default\">\n\t\t\t\t\t<div class=\"elementor-column elementor-col-100 elementor-top-column elementor-element elementor-element-28ccb34b\" data-id=\"28ccb34b\" data-element_type=\"column\">\n\t\t\t<div class=\"elementor-widget-wrap elementor-element-populated\">\n\t\t\t\t\t\t\t\t<div class=\"elementor-element elementor-element-4e74ea33 elementor-widget elementor-widget-heading\" data-id=\"4e74ea33\" data-element_type=\"widget\" data-widget_type=\"heading.default\">\n\t\t\t\t<div class=\"elementor-widget-container\">\n\t\t\t<p class=\"elementor-heading-title elementor-size-default\">Our work process<\/p>\t\t<\/div>\n\t\t\t\t<\/div>\n\t\t\t\t<section class=\"elementor-section elementor-inner-section elementor-element elementor-element-09866bc elementor-section-boxed elementor-section-height-default elementor-section-height-default elementor-invisible\" data-id=\"09866bc\" data-element_type=\"section\" data-settings=\"{&quot;background_background&quot;:&quot;classic&quot;,&quot;animation&quot;:&quot;zoomIn&quot;}\">\n\t\t\t\t\t\t<div class=\"elementor-container elementor-column-gap-default\">\n\t\t\t\t\t<div class=\"elementor-column elementor-col-50 elementor-inner-column elementor-element elementor-element-bd4744f\" data-id=\"bd4744f\" data-element_type=\"column\">\n\t\t\t<div class=\"elementor-widget-wrap elementor-element-populated\">\n\t\t\t\t\t\t\t\t<div class=\"elementor-element elementor-element-8f885d1 elementor-widget elementor-widget-text-editor\" data-id=\"8f885d1\" data-element_type=\"widget\" data-widget_type=\"text-editor.default\">\n\t\t\t\t<div class=\"elementor-widget-container\">\n\t\t\t\t\t<div class=\"elementor-text-editor elementor-clearfix\"><div id=\"comp-kkwzosw52\" class=\"_1Z_nJ\" data-testid=\"richTextElement\"><h3 class=\"font_0\"><span class=\"color_11\">Introductory meeting<\/span><\/h3><\/div><div id=\"comp-kkwzosw53\" class=\"_1Z_nJ\" data-testid=\"richTextElement\"><p class=\"font_9\"><span class=\"color_11\">With clients, we first conduct an introductory discussion, with which we want to identify their needs, wants and wishes. If we find that trade credit insurance would be a sensible solution for credit risk management, it is important to find out more about the client's business and\/or business model. Only in this way can we properly analyze the risks and prepare an appropriate and optimal insurance strategy. Of course, in order to protect the client's confidential information, a Non-Disclosure Agreement (NDA) is also concluded in advance.<\/span><\/p><\/div><\/div>\n\t\t\t\t<\/div>\n\t\t\t\t<\/div>\n\t\t\t\t\t<\/div>\n\t\t<\/div>\n\t\t\t\t<div class=\"elementor-column elementor-col-50 elementor-inner-column elementor-element elementor-element-c9f732f\" data-id=\"c9f732f\" data-element_type=\"column\">\n\t\t\t<div class=\"elementor-widget-wrap elementor-element-populated\">\n\t\t\t\t\t\t\t\t<div class=\"elementor-element elementor-element-c942f17 elementor-widget elementor-widget-image\" data-id=\"c942f17\" data-element_type=\"widget\" data-widget_type=\"image.default\">\n\t\t\t\t<div class=\"elementor-widget-container\">\n\t\t\t\t\t<div class=\"elementor-image\">\n\t\t\t\t\t\t\t\t\t\t<img width=\"920\" height=\"1000\" src=\"https:\/\/adriatraderisk.hr\/wp-content\/uploads\/2021\/02\/office-1516329_1920.jpg\" class=\"attachment-large size-large\" alt=\"\" decoding=\"async\" loading=\"lazy\" srcset=\"https:\/\/adriatraderisk.hr\/wp-content\/uploads\/2021\/02\/office-1516329_1920.jpg 920w, https:\/\/adriatraderisk.hr\/wp-content\/uploads\/2021\/02\/office-1516329_1920-276x300.jpg 276w, https:\/\/adriatraderisk.hr\/wp-content\/uploads\/2021\/02\/office-1516329_1920-768x835.jpg 768w, https:\/\/adriatraderisk.hr\/wp-content\/uploads\/2021\/02\/office-1516329_1920-830x902.jpg 830w, https:\/\/adriatraderisk.hr\/wp-content\/uploads\/2021\/02\/office-1516329_1920-230x250.jpg 230w, https:\/\/adriatraderisk.hr\/wp-content\/uploads\/2021\/02\/office-1516329_1920-350x380.jpg 350w, https:\/\/adriatraderisk.hr\/wp-content\/uploads\/2021\/02\/office-1516329_1920-480x522.jpg 480w\" sizes=\"(max-width: 920px) 100vw, 920px\" \/>\t\t\t\t\t\t\t\t\t\t\t<\/div>\n\t\t\t\t<\/div>\n\t\t\t\t<\/div>\n\t\t\t\t\t<\/div>\n\t\t<\/div>\n\t\t\t\t\t\t\t<\/div>\n\t\t<\/section>\n\t\t\t\t<section class=\"elementor-section elementor-inner-section elementor-element elementor-element-c2e1b3b elementor-section-boxed elementor-section-height-default elementor-section-height-default elementor-invisible\" data-id=\"c2e1b3b\" data-element_type=\"section\" data-settings=\"{&quot;animation&quot;:&quot;zoomIn&quot;}\">\n\t\t\t\t\t\t<div class=\"elementor-container elementor-column-gap-default\">\n\t\t\t\t\t<div class=\"elementor-column elementor-col-50 elementor-inner-column elementor-element elementor-element-c99d213\" data-id=\"c99d213\" data-element_type=\"column\">\n\t\t\t<div class=\"elementor-widget-wrap elementor-element-populated\">\n\t\t\t\t\t\t\t\t<div class=\"elementor-element elementor-element-c53ee46 elementor-widget elementor-widget-image\" data-id=\"c53ee46\" data-element_type=\"widget\" data-widget_type=\"image.default\">\n\t\t\t\t<div class=\"elementor-widget-container\">\n\t\t\t\t\t<div class=\"elementor-image\">\n\t\t\t\t\t\t\t\t\t\t<img width=\"920\" height=\"760\" src=\"https:\/\/adriatraderisk.hr\/wp-content\/uploads\/2021\/02\/analytics-925379_1920.jpg\" class=\"attachment-large size-large\" alt=\"\" decoding=\"async\" loading=\"lazy\" srcset=\"https:\/\/adriatraderisk.hr\/wp-content\/uploads\/2021\/02\/analytics-925379_1920.jpg 920w, https:\/\/adriatraderisk.hr\/wp-content\/uploads\/2021\/02\/analytics-925379_1920-300x248.jpg 300w, https:\/\/adriatraderisk.hr\/wp-content\/uploads\/2021\/02\/analytics-925379_1920-768x634.jpg 768w, https:\/\/adriatraderisk.hr\/wp-content\/uploads\/2021\/02\/analytics-925379_1920-830x686.jpg 830w, https:\/\/adriatraderisk.hr\/wp-content\/uploads\/2021\/02\/analytics-925379_1920-230x190.jpg 230w, https:\/\/adriatraderisk.hr\/wp-content\/uploads\/2021\/02\/analytics-925379_1920-350x289.jpg 350w, https:\/\/adriatraderisk.hr\/wp-content\/uploads\/2021\/02\/analytics-925379_1920-480x397.jpg 480w\" sizes=\"(max-width: 920px) 100vw, 920px\" \/>\t\t\t\t\t\t\t\t\t\t\t<\/div>\n\t\t\t\t<\/div>\n\t\t\t\t<\/div>\n\t\t\t\t\t<\/div>\n\t\t<\/div>\n\t\t\t\t<div class=\"elementor-column elementor-col-50 elementor-inner-column elementor-element elementor-element-2d8a127\" data-id=\"2d8a127\" data-element_type=\"column\">\n\t\t\t<div class=\"elementor-widget-wrap elementor-element-populated\">\n\t\t\t\t\t\t\t\t<div class=\"elementor-element elementor-element-de7d69a elementor-widget elementor-widget-text-editor\" data-id=\"de7d69a\" data-element_type=\"widget\" data-widget_type=\"text-editor.default\">\n\t\t\t\t<div class=\"elementor-widget-container\">\n\t\t\t\t\t<div class=\"elementor-text-editor elementor-clearfix\"><div id=\"comp-kkwzosw52\" class=\"_1Z_nJ\" data-testid=\"richTextElement\"><div id=\"comp-kkwzosw61\" class=\"_1Z_nJ\" data-testid=\"richTextElement\"><h3 class=\"font_0\"><span class=\"color_11\">Analysis of the current situation<\/span><\/h3><\/div><div id=\"comp-kkwzosw62\" class=\"_1Z_nJ\" data-testid=\"richTextElement\"><p class=\"font_9\"><span class=\"color_11\">At this stage, it is important to perform an in-depth analysis of business risks and past default events. If the client has an existing insurance program, we also analyze the adequacy of it and prepare potential proposals for improvement.<\/span><\/p><\/div><\/div><\/div>\n\t\t\t\t<\/div>\n\t\t\t\t<\/div>\n\t\t\t\t\t<\/div>\n\t\t<\/div>\n\t\t\t\t\t\t\t<\/div>\n\t\t<\/section>\n\t\t\t\t<section class=\"elementor-section elementor-inner-section elementor-element elementor-element-dcc366c elementor-section-boxed elementor-section-height-default elementor-section-height-default elementor-invisible\" data-id=\"dcc366c\" data-element_type=\"section\" data-settings=\"{&quot;background_background&quot;:&quot;classic&quot;,&quot;animation&quot;:&quot;zoomIn&quot;}\">\n\t\t\t\t\t\t<div class=\"elementor-container elementor-column-gap-default\">\n\t\t\t\t\t<div class=\"elementor-column elementor-col-50 elementor-inner-column elementor-element elementor-element-4a06b94\" data-id=\"4a06b94\" data-element_type=\"column\">\n\t\t\t<div class=\"elementor-widget-wrap elementor-element-populated\">\n\t\t\t\t\t\t\t\t<div class=\"elementor-element elementor-element-fe0bfb6 elementor-widget elementor-widget-text-editor\" data-id=\"fe0bfb6\" data-element_type=\"widget\" data-widget_type=\"text-editor.default\">\n\t\t\t\t<div class=\"elementor-widget-container\">\n\t\t\t\t\t<div class=\"elementor-text-editor elementor-clearfix\"><div id=\"comp-kkwzosw52\" class=\"_1Z_nJ\" data-testid=\"richTextElement\"><div id=\"comp-kkwzosw61\" class=\"_1Z_nJ\" data-testid=\"richTextElement\"><div id=\"comp-kkwzosw71\" class=\"_1Z_nJ\" data-testid=\"richTextElement\"><h3 class=\"font_0\"><span class=\"color_11\">Preparation of insurance strategy<\/span><\/h3><\/div><div id=\"comp-kkwzosw72\" class=\"_1Z_nJ\" data-testid=\"richTextElement\"><p class=\"font_9\"><span class=\"color_11\">Based on the risk analysis, we then prepare an insurance strategy in cooperation with the client. At this stage, it is particularly important to determine the appropriate amount of insurance coverage, insurance parameters (e.g., self-retention, maximum payment terms, inclusion of pre-credit risk, etc.) and the desired amount of insurance limits by buyers \/ debtors. The completion of this step is the preparation of tender documentation, which will be the basis for insurance companies to prepare appropriate offers.<\/span><\/p><\/div><\/div><\/div><\/div>\n\t\t\t\t<\/div>\n\t\t\t\t<\/div>\n\t\t\t\t\t<\/div>\n\t\t<\/div>\n\t\t\t\t<div class=\"elementor-column elementor-col-50 elementor-inner-column elementor-element elementor-element-9f88ea0\" data-id=\"9f88ea0\" data-element_type=\"column\">\n\t\t\t<div class=\"elementor-widget-wrap elementor-element-populated\">\n\t\t\t\t\t\t\t\t<div class=\"elementor-element elementor-element-d3241c8 elementor-widget elementor-widget-image\" data-id=\"d3241c8\" data-element_type=\"widget\" data-widget_type=\"image.default\">\n\t\t\t\t<div class=\"elementor-widget-container\">\n\t\t\t\t\t<div class=\"elementor-image\">\n\t\t\t\t\t\t\t\t\t\t<img width=\"920\" height=\"920\" src=\"https:\/\/adriatraderisk.hr\/wp-content\/uploads\/2021\/02\/laptop-3196481_1920.jpg\" class=\"attachment-large size-large\" alt=\"\" decoding=\"async\" loading=\"lazy\" srcset=\"https:\/\/adriatraderisk.hr\/wp-content\/uploads\/2021\/02\/laptop-3196481_1920.jpg 920w, https:\/\/adriatraderisk.hr\/wp-content\/uploads\/2021\/02\/laptop-3196481_1920-300x300.jpg 300w, https:\/\/adriatraderisk.hr\/wp-content\/uploads\/2021\/02\/laptop-3196481_1920-150x150.jpg 150w, https:\/\/adriatraderisk.hr\/wp-content\/uploads\/2021\/02\/laptop-3196481_1920-768x768.jpg 768w, https:\/\/adriatraderisk.hr\/wp-content\/uploads\/2021\/02\/laptop-3196481_1920-830x830.jpg 830w, https:\/\/adriatraderisk.hr\/wp-content\/uploads\/2021\/02\/laptop-3196481_1920-230x230.jpg 230w, https:\/\/adriatraderisk.hr\/wp-content\/uploads\/2021\/02\/laptop-3196481_1920-350x350.jpg 350w, https:\/\/adriatraderisk.hr\/wp-content\/uploads\/2021\/02\/laptop-3196481_1920-480x480.jpg 480w\" sizes=\"(max-width: 920px) 100vw, 920px\" \/>\t\t\t\t\t\t\t\t\t\t\t<\/div>\n\t\t\t\t<\/div>\n\t\t\t\t<\/div>\n\t\t\t\t\t<\/div>\n\t\t<\/div>\n\t\t\t\t\t\t\t<\/div>\n\t\t<\/section>\n\t\t\t\t<section class=\"elementor-section elementor-inner-section elementor-element elementor-element-8869c78 elementor-section-boxed elementor-section-height-default elementor-section-height-default elementor-invisible\" data-id=\"8869c78\" data-element_type=\"section\" data-settings=\"{&quot;animation&quot;:&quot;zoomIn&quot;}\">\n\t\t\t\t\t\t<div class=\"elementor-container elementor-column-gap-default\">\n\t\t\t\t\t<div class=\"elementor-column elementor-col-50 elementor-inner-column elementor-element elementor-element-7e5916a\" data-id=\"7e5916a\" data-element_type=\"column\">\n\t\t\t<div class=\"elementor-widget-wrap elementor-element-populated\">\n\t\t\t\t\t\t\t\t<div class=\"elementor-element elementor-element-8f5b8e1 elementor-widget elementor-widget-image\" data-id=\"8f5b8e1\" data-element_type=\"widget\" data-widget_type=\"image.default\">\n\t\t\t\t<div class=\"elementor-widget-container\">\n\t\t\t\t\t<div class=\"elementor-image\">\n\t\t\t\t\t\t\t\t\t\t<img width=\"920\" height=\"1000\" src=\"https:\/\/adriatraderisk.hr\/wp-content\/uploads\/2021\/02\/businessman-3105871_1920.jpg\" class=\"attachment-large size-large\" alt=\"\" decoding=\"async\" loading=\"lazy\" srcset=\"https:\/\/adriatraderisk.hr\/wp-content\/uploads\/2021\/02\/businessman-3105871_1920.jpg 920w, https:\/\/adriatraderisk.hr\/wp-content\/uploads\/2021\/02\/businessman-3105871_1920-276x300.jpg 276w, https:\/\/adriatraderisk.hr\/wp-content\/uploads\/2021\/02\/businessman-3105871_1920-768x835.jpg 768w, https:\/\/adriatraderisk.hr\/wp-content\/uploads\/2021\/02\/businessman-3105871_1920-830x902.jpg 830w, https:\/\/adriatraderisk.hr\/wp-content\/uploads\/2021\/02\/businessman-3105871_1920-230x250.jpg 230w, https:\/\/adriatraderisk.hr\/wp-content\/uploads\/2021\/02\/businessman-3105871_1920-350x380.jpg 350w, https:\/\/adriatraderisk.hr\/wp-content\/uploads\/2021\/02\/businessman-3105871_1920-480x522.jpg 480w\" sizes=\"(max-width: 920px) 100vw, 920px\" \/>\t\t\t\t\t\t\t\t\t\t\t<\/div>\n\t\t\t\t<\/div>\n\t\t\t\t<\/div>\n\t\t\t\t\t<\/div>\n\t\t<\/div>\n\t\t\t\t<div class=\"elementor-column elementor-col-50 elementor-inner-column elementor-element elementor-element-4e35fbf\" data-id=\"4e35fbf\" data-element_type=\"column\">\n\t\t\t<div class=\"elementor-widget-wrap elementor-element-populated\">\n\t\t\t\t\t\t\t\t<div class=\"elementor-element elementor-element-c887a47 elementor-widget elementor-widget-text-editor\" data-id=\"c887a47\" data-element_type=\"widget\" data-widget_type=\"text-editor.default\">\n\t\t\t\t<div class=\"elementor-widget-container\">\n\t\t\t\t\t<div class=\"elementor-text-editor elementor-clearfix\"><div data-testid=\"richTextElement\"><div data-testid=\"richTextElement\"><div data-testid=\"richTextElement\"><div id=\"bgLayers_comp-kkwzosw81\" class=\"_3_wbk\"><div id=\"bgMedia_comp-kkwzosw81\" class=\"_33YMf\">\u00a0<\/div><\/div><div class=\"\" data-mesh-id=\"comp-kkwzosw81inlineContent\" data-testid=\"inline-content\"><div data-mesh-id=\"comp-kkwzosw81inlineContent-gridContainer\" data-testid=\"mesh-container-content\"><div id=\"comp-kkwzosw82\" class=\"_1Z_nJ\" data-testid=\"richTextElement\"><h3 class=\"font_0\"><span class=\"color_11\">Execution of the tender and analysis of offers<\/span><\/h3><\/div><div id=\"comp-kkwzosw83\" class=\"_1Z_nJ\" data-testid=\"richTextElement\"><p class=\"font_9\"><span class=\"color_11\">After preparing the tender documentation, we carry out a tender to which we invite domestic and foreign insurance companies. After receiving the offers, we perform a thorough analysis and comparison of insurance coverage and parameters between insurance companies. In the shortest possible time, we provide client with a thorough analysis of offers and present it, together with our proposals. Both, before and after the presentation of offers, we negotiate with the insurance companies with the aim of achieving the most optimal coverage and insurance parameters.<\/span><\/p><\/div><\/div><\/div><\/div><\/div><\/div><\/div>\n\t\t\t\t<\/div>\n\t\t\t\t<\/div>\n\t\t\t\t\t<\/div>\n\t\t<\/div>\n\t\t\t\t\t\t\t<\/div>\n\t\t<\/section>\n\t\t\t\t<section class=\"elementor-section elementor-inner-section elementor-element elementor-element-56ead25 elementor-section-boxed elementor-section-height-default elementor-section-height-default elementor-invisible\" data-id=\"56ead25\" data-element_type=\"section\" data-settings=\"{&quot;background_background&quot;:&quot;classic&quot;,&quot;animation&quot;:&quot;zoomIn&quot;}\">\n\t\t\t\t\t\t<div class=\"elementor-container elementor-column-gap-default\">\n\t\t\t\t\t<div class=\"elementor-column elementor-col-50 elementor-inner-column elementor-element elementor-element-b2f7de3\" data-id=\"b2f7de3\" data-element_type=\"column\">\n\t\t\t<div class=\"elementor-widget-wrap elementor-element-populated\">\n\t\t\t\t\t\t\t\t<div class=\"elementor-element elementor-element-741a18f elementor-widget elementor-widget-text-editor\" data-id=\"741a18f\" data-element_type=\"widget\" data-widget_type=\"text-editor.default\">\n\t\t\t\t<div class=\"elementor-widget-container\">\n\t\t\t\t\t<div class=\"elementor-text-editor elementor-clearfix\"><div data-testid=\"richTextElement\">\n<div data-testid=\"richTextElement\">\n<div data-testid=\"richTextElement\">\n<div id=\"bgLayers_comp-kkwzosw81\" class=\"_3_wbk\">\n<div id=\"bgMedia_comp-kkwzosw81\" class=\"_33YMf\">&nbsp;<\/div>\n<\/div>\n<div class=\"\" data-mesh-id=\"comp-kkwzosw81inlineContent\" data-testid=\"inline-content\">\n<div data-mesh-id=\"comp-kkwzosw81inlineContent-gridContainer\" data-testid=\"mesh-container-content\">\n<div id=\"comp-kkwzosw82\" class=\"_1Z_nJ\" data-testid=\"richTextElement\">\n<div class=\"\" data-mesh-id=\"comp-kkwzosw9inlineContent\" data-testid=\"inline-content\">\n<div data-mesh-id=\"comp-kkwzosw9inlineContent-gridContainer\" data-testid=\"mesh-container-content\">\n<div id=\"comp-kkwzosw91\" class=\"_1Z_nJ\" data-testid=\"richTextElement\">\n<h3 class=\"font_0\"><span class=\"color_11\">Client decision and conclusion of insurance contract<\/span><\/h3>\n<\/div>\n<div id=\"comp-kkwzosw92\" class=\"_1Z_nJ\" data-testid=\"richTextElement\">\n<p class=\"font_9\"><span class=\"color_11\">After the client's decision, we inform the insurance company or companies, after which the proposal of the insurance contract is prepared. Before the insurance contract is handed over to the client for signing, the insurance documentation is thoroughly checked once again with the aim of ensuring full compliance with the tender documentation, offer and possible additional negotiations. After signing the insurance contract, the implementation of the insurance program follows.<\/span><\/p><\/div><\/div><\/div>\n<\/div>\n<\/div>\n<\/div>\n<\/div>\n<\/div>\n<\/div><\/div>\n\t\t\t\t<\/div>\n\t\t\t\t<\/div>\n\t\t\t\t\t<\/div>\n\t\t<\/div>\n\t\t\t\t<div class=\"elementor-column elementor-col-50 elementor-inner-column elementor-element elementor-element-ebee0f7\" data-id=\"ebee0f7\" data-element_type=\"column\">\n\t\t\t<div class=\"elementor-widget-wrap elementor-element-populated\">\n\t\t\t\t\t\t\t\t<div class=\"elementor-element elementor-element-e6a0ac0 elementor-widget elementor-widget-image\" data-id=\"e6a0ac0\" data-element_type=\"widget\" data-widget_type=\"image.default\">\n\t\t\t\t<div class=\"elementor-widget-container\">\n\t\t\t\t\t<div class=\"elementor-image\">\n\t\t\t\t\t\t\t\t\t\t<img width=\"920\" height=\"1000\" src=\"https:\/\/adriatraderisk.hr\/wp-content\/uploads\/2021\/02\/shaking-hands-3091908_1920.jpg\" class=\"attachment-large size-large\" alt=\"\" decoding=\"async\" loading=\"lazy\" srcset=\"https:\/\/adriatraderisk.hr\/wp-content\/uploads\/2021\/02\/shaking-hands-3091908_1920.jpg 920w, https:\/\/adriatraderisk.hr\/wp-content\/uploads\/2021\/02\/shaking-hands-3091908_1920-276x300.jpg 276w, https:\/\/adriatraderisk.hr\/wp-content\/uploads\/2021\/02\/shaking-hands-3091908_1920-768x835.jpg 768w, https:\/\/adriatraderisk.hr\/wp-content\/uploads\/2021\/02\/shaking-hands-3091908_1920-830x902.jpg 830w, https:\/\/adriatraderisk.hr\/wp-content\/uploads\/2021\/02\/shaking-hands-3091908_1920-230x250.jpg 230w, https:\/\/adriatraderisk.hr\/wp-content\/uploads\/2021\/02\/shaking-hands-3091908_1920-350x380.jpg 350w, https:\/\/adriatraderisk.hr\/wp-content\/uploads\/2021\/02\/shaking-hands-3091908_1920-480x522.jpg 480w\" sizes=\"(max-width: 920px) 100vw, 920px\" \/>\t\t\t\t\t\t\t\t\t\t\t<\/div>\n\t\t\t\t<\/div>\n\t\t\t\t<\/div>\n\t\t\t\t\t<\/div>\n\t\t<\/div>\n\t\t\t\t\t\t\t<\/div>\n\t\t<\/section>\n\t\t\t\t<section class=\"elementor-section elementor-inner-section elementor-element elementor-element-ec5e231 elementor-section-boxed elementor-section-height-default elementor-section-height-default elementor-invisible\" data-id=\"ec5e231\" data-element_type=\"section\" data-settings=\"{&quot;animation&quot;:&quot;zoomIn&quot;}\">\n\t\t\t\t\t\t<div class=\"elementor-container elementor-column-gap-default\">\n\t\t\t\t\t<div class=\"elementor-column elementor-col-50 elementor-inner-column elementor-element elementor-element-bc117cd\" data-id=\"bc117cd\" data-element_type=\"column\">\n\t\t\t<div class=\"elementor-widget-wrap elementor-element-populated\">\n\t\t\t\t\t\t\t\t<div class=\"elementor-element elementor-element-483b7dd elementor-widget elementor-widget-image\" data-id=\"483b7dd\" data-element_type=\"widget\" data-widget_type=\"image.default\">\n\t\t\t\t<div class=\"elementor-widget-container\">\n\t\t\t\t\t<div class=\"elementor-image\">\n\t\t\t\t\t\t\t\t\t\t<img width=\"920\" height=\"1000\" src=\"https:\/\/adriatraderisk.hr\/wp-content\/uploads\/2021\/02\/refugees-1020257_1920.jpg\" class=\"attachment-large size-large\" alt=\"\" decoding=\"async\" loading=\"lazy\" srcset=\"https:\/\/adriatraderisk.hr\/wp-content\/uploads\/2021\/02\/refugees-1020257_1920.jpg 920w, https:\/\/adriatraderisk.hr\/wp-content\/uploads\/2021\/02\/refugees-1020257_1920-276x300.jpg 276w, https:\/\/adriatraderisk.hr\/wp-content\/uploads\/2021\/02\/refugees-1020257_1920-768x835.jpg 768w, https:\/\/adriatraderisk.hr\/wp-content\/uploads\/2021\/02\/refugees-1020257_1920-830x902.jpg 830w, https:\/\/adriatraderisk.hr\/wp-content\/uploads\/2021\/02\/refugees-1020257_1920-230x250.jpg 230w, https:\/\/adriatraderisk.hr\/wp-content\/uploads\/2021\/02\/refugees-1020257_1920-350x380.jpg 350w, https:\/\/adriatraderisk.hr\/wp-content\/uploads\/2021\/02\/refugees-1020257_1920-480x522.jpg 480w\" sizes=\"(max-width: 920px) 100vw, 920px\" \/>\t\t\t\t\t\t\t\t\t\t\t<\/div>\n\t\t\t\t<\/div>\n\t\t\t\t<\/div>\n\t\t\t\t\t<\/div>\n\t\t<\/div>\n\t\t\t\t<div class=\"elementor-column elementor-col-50 elementor-inner-column elementor-element elementor-element-abd0a63\" data-id=\"abd0a63\" data-element_type=\"column\">\n\t\t\t<div class=\"elementor-widget-wrap elementor-element-populated\">\n\t\t\t\t\t\t\t\t<div class=\"elementor-element elementor-element-08e0e6b elementor-widget elementor-widget-text-editor\" data-id=\"08e0e6b\" data-element_type=\"widget\" data-widget_type=\"text-editor.default\">\n\t\t\t\t<div class=\"elementor-widget-container\">\n\t\t\t\t\t<div class=\"elementor-text-editor elementor-clearfix\"><div data-testid=\"richTextElement\"><div data-testid=\"richTextElement\"><div data-testid=\"richTextElement\"><div id=\"bgLayers_comp-kkwzosw81\" class=\"_3_wbk\"><div id=\"bgMedia_comp-kkwzosw81\" class=\"_33YMf\"><div id=\"bgLayers_comp-kkwzosw96\" class=\"_3_wbk\"><div id=\"bgMedia_comp-kkwzosw96\" class=\"_33YMf\">\u00a0<\/div><\/div><div class=\"\" data-mesh-id=\"comp-kkwzosw96inlineContent\" data-testid=\"inline-content\"><div data-mesh-id=\"comp-kkwzosw96inlineContent-gridContainer\" data-testid=\"mesh-container-content\"><div id=\"comp-kkwzosw97\" class=\"_1Z_nJ\" data-testid=\"richTextElement\"><h3 class=\"font_0\"><span class=\"color_11\">Assistance during the term of insurance contract<\/span><\/h3><\/div><div id=\"comp-kkwzoswa\" class=\"_1Z_nJ\" data-testid=\"richTextElement\"><p class=\"font_9\"><span class=\"color_11\">However, our assistance does not end with the conclusion of an insurance contract. We also offer assistance to clients at all times during the term of the insurance contract. This includes, in particular, monitoring the client's rights and obligations under the insurance contract (e.g., cancellations or notice periods), assistance in resolving claims, monitoring changes in relevant legislation, monitoring the insurance market (e.g., capital adequacy and credit ratings of insurance companies) and any assistance in other matters and\/or problems.<\/span><\/p><\/div><\/div><\/div><\/div><\/div><\/div><\/div><\/div><\/div>\n\t\t\t\t<\/div>\n\t\t\t\t<\/div>\n\t\t\t\t\t<\/div>\n\t\t<\/div>\n\t\t\t\t\t\t\t<\/div>\n\t\t<\/section>\n\t\t\t\t\t<\/div>\n\t\t<\/div>\n\t\t\t\t\t\t\t<\/div>\n\t\t<\/section>\n\t\t\t\t\t\t<\/div>\n\t\t\t\t\t<\/div>","protected":false},"excerpt":{"rendered":"<p>Kako poteka na\u0161e delo? Uvodno sre\u010danje S klienti najprej opravimo uvodno diskusijo, s katero \u017eelimo identificirati njihove \u017eelje in potrebe. V kolikor ugotovimo, da bi zavarovanje terjatev bila smiselna re\u0161itev\u00a0za obvladovanje kreditnih tveganj, je pomembno, da izvemo tudi podrobneje o poslovanju oziroma poslovnem modelu klienta. Le tako lahko pravilno\u00a0analiziramo tveganja in pripravimo ustrezno zavarovalno strategijo. [&hellip;]<\/p>","protected":false},"author":1,"featured_media":0,"parent":0,"menu_order":0,"comment_status":"closed","ping_status":"closed","template":"page-templates\/page_front-page.php","meta":[],"_links":{"self":[{"href":"https:\/\/adriatraderisk.hr\/en_us\/wp-json\/wp\/v2\/pages\/372"}],"collection":[{"href":"https:\/\/adriatraderisk.hr\/en_us\/wp-json\/wp\/v2\/pages"}],"about":[{"href":"https:\/\/adriatraderisk.hr\/en_us\/wp-json\/wp\/v2\/types\/page"}],"author":[{"embeddable":true,"href":"https:\/\/adriatraderisk.hr\/en_us\/wp-json\/wp\/v2\/users\/1"}],"replies":[{"embeddable":true,"href":"https:\/\/adriatraderisk.hr\/en_us\/wp-json\/wp\/v2\/comments?post=372"}],"version-history":[{"count":28,"href":"https:\/\/adriatraderisk.hr\/en_us\/wp-json\/wp\/v2\/pages\/372\/revisions"}],"predecessor-version":[{"id":1323,"href":"https:\/\/adriatraderisk.hr\/en_us\/wp-json\/wp\/v2\/pages\/372\/revisions\/1323"}],"wp:attachment":[{"href":"https:\/\/adriatraderisk.hr\/en_us\/wp-json\/wp\/v2\/media?parent=372"}],"curies":[{"name":"wp","href":"https:\/\/api.w.org\/{rel}","templated":true}]}}