{"id":1105,"date":"2021-02-26T15:23:58","date_gmt":"2021-02-26T15:23:58","guid":{"rendered":"https:\/\/adriatraderisk.hr\/?page_id=1105"},"modified":"2021-03-10T20:13:31","modified_gmt":"2021-03-10T20:13:31","slug":"politika-spletnih-piskotkov","status":"publish","type":"page","link":"https:\/\/adriatraderisk.hr\/en_us\/politika-spletnih-piskotkov\/","title":{"rendered":"Cookie policy"},"content":{"rendered":"<div data-elementor-type=\"wp-page\" data-elementor-id=\"1105\" class=\"elementor elementor-1105\" data-elementor-settings=\"[]\">\n\t\t\t\t\t\t\t<div class=\"elementor-section-wrap\">\n\t\t\t\t\t\t\t<section class=\"elementor-section elementor-top-section elementor-element elementor-element-c4a85ed elementor-section-boxed elementor-section-height-default elementor-section-height-default\" data-id=\"c4a85ed\" data-element_type=\"section\">\n\t\t\t\t\t\t<div class=\"elementor-container elementor-column-gap-default\">\n\t\t\t\t\t<div class=\"elementor-column elementor-col-100 elementor-top-column elementor-element elementor-element-5e4980c\" data-id=\"5e4980c\" data-element_type=\"column\">\n\t\t\t<div class=\"elementor-widget-wrap elementor-element-populated\">\n\t\t\t\t\t\t\t\t<div class=\"elementor-element elementor-element-4be73ba elementor-widget elementor-widget-spacer\" data-id=\"4be73ba\" data-element_type=\"widget\" data-widget_type=\"spacer.default\">\n\t\t\t\t<div class=\"elementor-widget-container\">\n\t\t\t\t\t<div class=\"elementor-spacer\">\n\t\t\t<div class=\"elementor-spacer-inner\"><\/div>\n\t\t<\/div>\n\t\t\t\t<\/div>\n\t\t\t\t<\/div>\n\t\t\t\t<div class=\"elementor-element elementor-element-1147240 elementor-widget elementor-widget-heading\" data-id=\"1147240\" data-element_type=\"widget\" data-widget_type=\"heading.default\">\n\t\t\t\t<div class=\"elementor-widget-container\">\n\t\t\t<h1 class=\"elementor-heading-title elementor-size-default\">Cookie policy<\/h1>\t\t<\/div>\n\t\t\t\t<\/div>\n\t\t\t\t<div class=\"elementor-element elementor-element-2ee894e elementor-widget elementor-widget-spacer\" data-id=\"2ee894e\" data-element_type=\"widget\" data-widget_type=\"spacer.default\">\n\t\t\t\t<div class=\"elementor-widget-container\">\n\t\t\t\t\t<div class=\"elementor-spacer\">\n\t\t\t<div class=\"elementor-spacer-inner\"><\/div>\n\t\t<\/div>\n\t\t\t\t<\/div>\n\t\t\t\t<\/div>\n\t\t\t\t<div class=\"elementor-element elementor-element-9378015 elementor-widget elementor-widget-text-editor\" data-id=\"9378015\" data-element_type=\"widget\" data-widget_type=\"text-editor.default\">\n\t\t\t\t<div class=\"elementor-widget-container\">\n\t\t\t\t\t<div class=\"elementor-text-editor elementor-clearfix\"><p class=\"font_9\"><strong><span class=\"color_11\">What are cookies?<\/span><\/strong><\/p><p class=\"font_9\"><span class=\"color_11\">To make it easier for you to use the website and make it more enjoyable, we use so-called cookies. Cookies are small data units that store website settings. Websites store cookies on users' devices, which they use to access the Internet in order to identify individual devices and settings. Cookies allow the comparison of new and previous visitors, in order to understand the use of the website. In case the user has already visited this site, they can be used to adjust individual settings accordingly. Their storage is under the full control of the browser used by the user. The user can restrict or disable the storage of cookies if desired, at any time.<\/span><\/p><p class=\"font_9\"><strong><span class=\"color_11\">Why are cookies needed?<\/span><\/strong><\/p><p class=\"font_9\"><span class=\"color_11\">Cookies are fundamental to providing individual-friendly online services. They are used to store information about the status of an individual website, help collect statistics about users and website traffic, etc. We can therefore use cookies to evaluate the effectiveness of the design of our website.<\/span><\/p><p class=\"font_9\"><span class=\"color_11\"><span class=\"wixGuard\">\u200b<\/span><\/span><\/p><p class=\"font_9\"><strong><span class=\"color_11\">What types of cookies do we use on our website?<\/span><\/strong><\/p><p class=\"font_9\"><span class=\"color_11\">Our website uses cookies so that we can distinguish between visitors and count their number exclusively for our own needs, thus improving the performance of the site. We use the most widely used Google Analytics tool for this purpose.<\/span><\/p><p class=\"font_9\"><span class=\"color_11\">Our website also uses cookies, which provide you with a better user experience by remembering the information entered in the online forms and your consent to the use of cookies.<\/span><\/p><p class=\"font_9\"><span class=\"color_11\">We will not forward the data collected through the cookies to third parties.<\/span><\/p><p class=\"font_9\"><span class=\"color_11\"><span class=\"wixGuard\">\u200b<\/span><\/span><\/p><p class=\"font_9\"><strong><span class=\"color_11\">Mandatory cookies<\/span><\/strong><\/p><p class=\"font_9\"><span class=\"color_11\">These cookies are essential to allow you to move around the website, such as access to secure areas of the website.<\/span><\/p><p class=\"font_9\"><span class=\"color_11\"><span class=\"wixGuard\">\u200b<\/span><\/span><\/p><p class=\"font_9\"><strong><span class=\"color_11\">Analytical cookies<\/span><\/strong><\/p><p class=\"font_9\"><span class=\"color_11\">These cookies collect information about how visitors behave on the website in order to improve the functionality of the website (e.g. which website is the most visited). All information collected by these cookies are anonymous.<\/span><\/p><p class=\"font_9\"><span class=\"color_11\"><span class=\"wixGuard\">\u200b<\/span><\/span><\/p><p class=\"font_9\"><strong><span class=\"color_11\">Functionality cookies<\/span><\/strong><\/p><p class=\"font_9\"><span class=\"color_11\">These cookies allow the website to remember your settings and choices (e.g. username, language, region) and provide advanced, personalized features.<\/span><\/p><p class=\"font_9\"><strong><span class=\"color_11\">Own cookies:<\/span><\/strong><\/p><p><span class=\"color_11\">Cookie name: cookiePolicy<\/span><\/p><p><span class=\"color_11\">Duration: 1 year<\/span><\/p><p><span class=\"color_11\">Description: Shrani uporabnikove preference politike pi\u0161kotkov \/ Save user's cookie poly preferences<\/span><\/p><p class=\"font_9\"><span class=\"color_11\"><span class=\"wixGuard\">\u200b<\/span><\/span><\/p><p class=\"font_9\"><strong><span class=\"color_11\">Google Analytics:\u00a0<\/span><\/strong><\/p><p><span class=\"color_11\">Cookie name: _ga<\/span><\/p><p><span class=\"color_11\">Duration: 1 year<\/span><\/p><p><span class=\"color_11\">Description: Identify unique website visitors.<\/span><\/p><p class=\"font_9\"><span class=\"color_11\"><span class=\"wixGuard\">\u200b<\/span><\/span><\/p><p class=\"font_9\"><span class=\"color_11\">Cookie name: _gid<\/span><\/p><p class=\"font_9\"><span class=\"color_11\">Duration: 1 day<\/span><\/p><p class=\"font_9\"><span class=\"color_11\">Description: Identify unique website visitors.<\/span><\/p><p class=\"font_9\"><span class=\"color_11\"><span class=\"wixGuard\">\u200b<\/span><\/span><\/p><p class=\"font_9\"><span class=\"color_11\">Cookie name:  _gat<\/span><\/p><p class=\"font_9\"><span class=\"color_11\">Duration: 1 year<\/span><\/p><p class=\"font_9\"><span class=\"color_11\">Description: Limiting the frequency of requests.<\/span><\/p><p class=\"font_9\"><span class=\"color_11\"><span class=\"wixGuard\">\u200b<\/span><\/span><\/p><p class=\"font_9\"><span class=\"color_11\">Cookie name: _gcl_au<\/span><\/p><p class=\"font_9\"><span class=\"color_11\">Duration: 2 months<\/span><\/p><p class=\"font_9\"><span class=\"color_11\">Description: Understanding user interaction with the website.<\/span><\/p><p class=\"font_9\"><strong><span class=\"color_11\">How can I manage and delete cookies?<\/span><\/strong><\/p><p class=\"font_9\"><span class=\"color_11\">If you want to change the way cookies are used in your browser, including blocking or deleting them, you can do so by changing your browser settings accordingly. To manage cookies, most browsers allow you to accept or reject all cookies, accept only a certain type of cookie, or alert you that a site wants to store a cookie. You can also easily delete cookies stored by your browser. If you change or delete your browser's cookie file, change or upgrade your browser or device, you may need to disable cookies again. The process for managing and deleting cookies varies from browser to browser. If you need help with this, you can look in your browser's help for users. You can also disable Google Analytics tracking at the following <a href=\"https:\/\/tools.google.com\/dlpage\/gaoptout\" target=\"_blank\" rel=\"nofollow noopener\">link<\/a>. There is also a comprehensive watermark on deleting cookies also for all web browsers, which is at the following <a href=\"https:\/\/www.aboutcookies.org\/\" target=\"_blank\" rel=\"nofollow noopener\">link<\/a>.<\/span><\/p><\/div>\n\t\t\t\t<\/div>\n\t\t\t\t<\/div>\n\t\t\t\t<div class=\"elementor-element elementor-element-8fbc946 elementor-widget elementor-widget-spacer\" data-id=\"8fbc946\" data-element_type=\"widget\" data-widget_type=\"spacer.default\">\n\t\t\t\t<div class=\"elementor-widget-container\">\n\t\t\t\t\t<div class=\"elementor-spacer\">\n\t\t\t<div class=\"elementor-spacer-inner\"><\/div>\n\t\t<\/div>\n\t\t\t\t<\/div>\n\t\t\t\t<\/div>\n\t\t\t\t\t<\/div>\n\t\t<\/div>\n\t\t\t\t\t\t\t<\/div>\n\t\t<\/section>\n\t\t\t\t\t\t<\/div>\n\t\t\t\t\t<\/div>","protected":false},"excerpt":{"rendered":"<p>Politika spletnih pi\u0161kotkov Kaj so pi\u0161kotki? Da bi vam olaj\u0161ali uporabo spletne strani in jo naredili bolj prijetno, uporabljamo tako imenovane pi\u0161kotke. Pi\u0161kotki so majhne podatkovne enote, ki shranijo nastavitve spletnih strani. Spletna mesta pi\u0161kotke shranijo v naprave uporabnikov, s katerimi dostopajo do interneta z namenom prepoznavanja posameznih naprav in nastavitev. Pi\u0161kotki omogo\u010dajo primerjavo novih [&hellip;]<\/p>","protected":false},"author":1,"featured_media":0,"parent":0,"menu_order":0,"comment_status":"closed","ping_status":"closed","template":"page-templates\/page_front-page.php","meta":[],"_links":{"self":[{"href":"https:\/\/adriatraderisk.hr\/en_us\/wp-json\/wp\/v2\/pages\/1105"}],"collection":[{"href":"https:\/\/adriatraderisk.hr\/en_us\/wp-json\/wp\/v2\/pages"}],"about":[{"href":"https:\/\/adriatraderisk.hr\/en_us\/wp-json\/wp\/v2\/types\/page"}],"author":[{"embeddable":true,"href":"https:\/\/adriatraderisk.hr\/en_us\/wp-json\/wp\/v2\/users\/1"}],"replies":[{"embeddable":true,"href":"https:\/\/adriatraderisk.hr\/en_us\/wp-json\/wp\/v2\/comments?post=1105"}],"version-history":[{"count":10,"href":"https:\/\/adriatraderisk.hr\/en_us\/wp-json\/wp\/v2\/pages\/1105\/revisions"}],"predecessor-version":[{"id":1353,"href":"https:\/\/adriatraderisk.hr\/en_us\/wp-json\/wp\/v2\/pages\/1105\/revisions\/1353"}],"wp:attachment":[{"href":"https:\/\/adriatraderisk.hr\/en_us\/wp-json\/wp\/v2\/media?parent=1105"}],"curies":[{"name":"wp","href":"https:\/\/api.w.org\/{rel}","templated":true}]}}