{"id":1053,"date":"2021-02-26T15:04:42","date_gmt":"2021-02-26T15:04:42","guid":{"rendered":"https:\/\/adriatraderisk.hr\/?page_id=1053"},"modified":"2021-02-26T15:14:46","modified_gmt":"2021-02-26T15:14:46","slug":"obvestilo-zavarovancu","status":"publish","type":"page","link":"https:\/\/adriatraderisk.hr\/en_us\/obvestilo-zavarovancu\/","title":{"rendered":"Obvestilo zavarovancu"},"content":{"rendered":"<div data-elementor-type=\"wp-page\" data-elementor-id=\"1053\" class=\"elementor elementor-1053\" data-elementor-settings=\"[]\">\n\t\t\t\t\t\t\t<div class=\"elementor-section-wrap\">\n\t\t\t\t\t\t\t<section class=\"elementor-section elementor-top-section elementor-element elementor-element-d1dfd19 elementor-section-boxed elementor-section-height-default elementor-section-height-default\" data-id=\"d1dfd19\" data-element_type=\"section\">\n\t\t\t\t\t\t<div class=\"elementor-container elementor-column-gap-default\">\n\t\t\t\t\t<div class=\"elementor-column elementor-col-100 elementor-top-column elementor-element elementor-element-19dd23f\" data-id=\"19dd23f\" data-element_type=\"column\">\n\t\t\t<div class=\"elementor-widget-wrap elementor-element-populated\">\n\t\t\t\t\t\t\t\t<div class=\"elementor-element elementor-element-4193531 elementor-widget elementor-widget-spacer\" data-id=\"4193531\" data-element_type=\"widget\" data-widget_type=\"spacer.default\">\n\t\t\t\t<div class=\"elementor-widget-container\">\n\t\t\t\t\t<div class=\"elementor-spacer\">\n\t\t\t<div class=\"elementor-spacer-inner\"><\/div>\n\t\t<\/div>\n\t\t\t\t<\/div>\n\t\t\t\t<\/div>\n\t\t\t\t<div class=\"elementor-element elementor-element-88aee7a elementor-widget elementor-widget-heading\" data-id=\"88aee7a\" data-element_type=\"widget\" data-widget_type=\"heading.default\">\n\t\t\t\t<div class=\"elementor-widget-container\">\n\t\t\t<h1 class=\"elementor-heading-title elementor-size-default\">Obvestilo zavarovancu<\/h1>\t\t<\/div>\n\t\t\t\t<\/div>\n\t\t\t\t<div class=\"elementor-element elementor-element-7527b17 elementor-widget elementor-widget-spacer\" data-id=\"7527b17\" data-element_type=\"widget\" data-widget_type=\"spacer.default\">\n\t\t\t\t<div class=\"elementor-widget-container\">\n\t\t\t\t\t<div class=\"elementor-spacer\">\n\t\t\t<div class=\"elementor-spacer-inner\"><\/div>\n\t\t<\/div>\n\t\t\t\t<\/div>\n\t\t\t\t<\/div>\n\t\t\t\t<div class=\"elementor-element elementor-element-e8c5c42 elementor-widget elementor-widget-text-editor\" data-id=\"e8c5c42\" data-element_type=\"widget\" data-widget_type=\"text-editor.default\">\n\t\t\t\t<div class=\"elementor-widget-container\">\n\t\t\t\t\t<div class=\"elementor-text-editor elementor-clearfix\"><p class=\"font_9\"><span class=\"color_11\">Zavarovalni posrednik je v skladu s 551. \u010dlenom in 545. \u010dlenom Zakona o zavarovalni\u0161tvu dol\u017ean najkasneje pred predstavitvijo vsebine zavarovanja in zavarovalnih ponudb oziroma pred sklenitvijo zavarovalne ponudbe, pisno seznaniti z naslednjimi podatki:<\/span><\/p><ul class=\"font_9 wix-list-text-align color_11\"><li><p class=\"font_9\"><span class=\"color_11\">da ima Zavarovalno posredni\u0161ka dru\u017eba ADRIA TRADE RISK, vl. Edvard Ribari\u0107, s sede\u017eem na naslovu Dugoselska 12, 10000 Zagreb, Hrva\u0161ka, dovoljenje od Hrva\u0161ke agencije za nadzor finan\u010dnih storitev (HANFA), \u00a0\u0161t. OBOR 002 za opravljanje poslov zavarovalnega posredovanja, katero lahko oseba preveri v registru zastopnikov in posrednikov na Hrva\u0161ki agenciji za nadzor finan\u010dnih storitev (<object width=\"300\" height=\"0\" data-mce-fragment=\"1\"><a data-auto-recognition=\"true\" href=\"https:\/\/www.hanfa.hr\/trziste-osiguranja\/registri\/)\" target=\"_blank\">https:\/\/www.hanfa.hr\/trziste-osiguranja\/registri\/)<\/a><\/object>\u00a0ter dovoljenje Agencije za zavarovalni nadzor (AZN) za opravljanje dejavnosti v Sloveniji, katero lahko oseba preveri v registru zastopnikov in posrednikov na Agenciji za zavarovalni nadzor (<object width=\"300\" height=\"0\" data-mce-fragment=\"1\"><a data-auto-recognition=\"true\" href=\"https:\/\/www.a-zn.si\/zastopniki-in-posredniki\/register-zastopnikov-posrednikov\/),\" target=\"_blank\">https:\/\/www.a-zn.si\/zastopniki-in-posredniki\/register-zastopnikov-posrednikov\/),<\/a><\/object><\/span><\/p><\/li><li><p class=\"font_9\"><span class=\"color_11\">da Zavarovalno posredni\u0161ka dru\u017eba deluje v svojem imenu in za svoj ra\u010dun,<\/span><\/p><\/li><li><p class=\"font_9\"><span class=\"color_11\">da ima Zavarovalno posredni\u0161ka dru\u017eba za kritje obveznosti iz naslova od\u0161kodninske odgovornosti, skladno z zahtevami, 4. odstavka, 551. \u010dlena ZZavar-1, sklenjeno ustrezno Zavarovanje poklicne odgovornosti,<\/span><\/p><\/li><li><p class=\"font_9\"><span class=\"color_11\">da Zavarovalno posredni\u0161ka dru\u017eba oziroma njeni Zavarovalni posredniki nimajo neposrednega ali posrednega dele\u017ea, ki predstavljajo ve\u010d kot 10 % dele\u017e glasovalnih pravic ali dele\u017ea v kapitalu zavarovalnice,<\/span><\/p><\/li><li><p class=\"font_9\"><span class=\"color_11\">da zavarovalnica oziroma od nje odvisna dru\u017eba nima neposrednega ali posrednega dele\u017ea, ki predstavlja ve\u010d kot 10 % dele\u017e glasovalnih pravic ali dele\u017ea v kapitalu Zavarovalno posredni\u0161ke dru\u017ebe,<\/span><\/p><\/li><li><p class=\"font_9\"><span class=\"color_11\">da posredni\u0161ke storitve stro\u0161kovno ne bremenijo naro\u010dnika, saj je Zavarovalno posredni\u0161ka dru\u017eba upravi\u010dena do zahtevka glede na svoje opravljene storitve izbrani zavarovalnici (provizija, ki je \u017ee zajeta v zavarovalni premiji),<\/span><\/p><\/li><li><p class=\"font_9\"><span class=\"color_11\">da Zavarovalno posredni\u0161ka dru\u017eba skladno s prvim odstavkom 554. \u010dlena ZZavar-1 nima pravice od zavarovalca zahtevati pla\u010dila provizije oziroma kakr\u0161negakoli drugega pla\u010dila, \u010de ni s posredni\u0161ko pogodbo, sklenjeno z zavarovalcem, izrecno pisno druga\u010de dogovorjeno,<\/span><\/p><\/li><li><p class=\"font_9\"><span class=\"color_11\">da ima Zavarovalno posredni\u0161ka dru\u017eba skladno s 579. \u010dlenom vzpostavljen notranji postopek re\u0161evanja prito\u017eb (v katerem je dolo\u010den tudi izvajalec izvensodnega re\u0161evanja sporov), ki je objavljen na spletni strani dru\u017ebe (<object width=\"300\" height=\"0\"><a data-auto-recognition=\"true\" href=\"https:\/\/adriatraderisk.hr\/en_us\/\" target=\"_blank\">www.adriatraderisk.hr<\/a><\/object>).<\/span><\/p><\/li><\/ul><\/div>\n\t\t\t\t<\/div>\n\t\t\t\t<\/div>\n\t\t\t\t<div class=\"elementor-element elementor-element-0b333a6 elementor-widget elementor-widget-spacer\" data-id=\"0b333a6\" data-element_type=\"widget\" data-widget_type=\"spacer.default\">\n\t\t\t\t<div class=\"elementor-widget-container\">\n\t\t\t\t\t<div class=\"elementor-spacer\">\n\t\t\t<div class=\"elementor-spacer-inner\"><\/div>\n\t\t<\/div>\n\t\t\t\t<\/div>\n\t\t\t\t<\/div>\n\t\t\t\t<div class=\"elementor-element elementor-element-8deda82 elementor-widget elementor-widget-text-editor\" data-id=\"8deda82\" data-element_type=\"widget\" data-widget_type=\"text-editor.default\">\n\t\t\t\t<div class=\"elementor-widget-container\">\n\t\t\t\t\t<div class=\"elementor-text-editor elementor-clearfix\"><p class=\"font_9\"><span class=\"color_11\">Edvard Ribari\u0107, direktor \/ zavarovalni posrednik\u200b<\/span><\/p><p class=\"font_9\"><span class=\"color_11\">Licence # HANFA: ZO 20819<\/span><\/p><p class=\"font_9\"><span class=\"color_11\">Datum dovoljenja HANFA: 14.07.2020<\/span><\/p><p class=\"font_9\"><span class=\"color_11\"><span class=\"wixGuard\">\u200b<\/span><\/span><\/p><p><span class=\"color_11\">\u017diga Tobijas, zavarovalni posrednik<\/span><\/p><p><span class=\"color_11\">Licence # AZN: 40110-283\/2020-2<\/span><\/p><p><span class=\"color_11\">Datum dovoljenja AZN: 5.8.2020<\/span><\/p><\/div>\n\t\t\t\t<\/div>\n\t\t\t\t<\/div>\n\t\t\t\t<div class=\"elementor-element elementor-element-ca0e3b5 elementor-widget elementor-widget-spacer\" data-id=\"ca0e3b5\" data-element_type=\"widget\" data-widget_type=\"spacer.default\">\n\t\t\t\t<div class=\"elementor-widget-container\">\n\t\t\t\t\t<div class=\"elementor-spacer\">\n\t\t\t<div class=\"elementor-spacer-inner\"><\/div>\n\t\t<\/div>\n\t\t\t\t<\/div>\n\t\t\t\t<\/div>\n\t\t\t\t\t<\/div>\n\t\t<\/div>\n\t\t\t\t\t\t\t<\/div>\n\t\t<\/section>\n\t\t\t\t\t\t<\/div>\n\t\t\t\t\t<\/div>","protected":false},"excerpt":{"rendered":"<p>Obvestilo zavarovancu Zavarovalni posrednik je v skladu s 551. \u010dlenom in 545. \u010dlenom Zakona o zavarovalni\u0161tvu dol\u017ean najkasneje pred predstavitvijo vsebine zavarovanja in zavarovalnih ponudb oziroma pred sklenitvijo zavarovalne ponudbe, pisno seznaniti z naslednjimi podatki: da ima Zavarovalno posredni\u0161ka dru\u017eba ADRIA TRADE RISK, vl. Edvard Ribari\u0107, s sede\u017eem na naslovu Dugoselska 12, 10000 Zagreb, Hrva\u0161ka, [&hellip;]<\/p>","protected":false},"author":1,"featured_media":0,"parent":0,"menu_order":0,"comment_status":"closed","ping_status":"closed","template":"page-templates\/page_front-page.php","meta":[],"_links":{"self":[{"href":"https:\/\/adriatraderisk.hr\/en_us\/wp-json\/wp\/v2\/pages\/1053"}],"collection":[{"href":"https:\/\/adriatraderisk.hr\/en_us\/wp-json\/wp\/v2\/pages"}],"about":[{"href":"https:\/\/adriatraderisk.hr\/en_us\/wp-json\/wp\/v2\/types\/page"}],"author":[{"embeddable":true,"href":"https:\/\/adriatraderisk.hr\/en_us\/wp-json\/wp\/v2\/users\/1"}],"replies":[{"embeddable":true,"href":"https:\/\/adriatraderisk.hr\/en_us\/wp-json\/wp\/v2\/comments?post=1053"}],"version-history":[{"count":10,"href":"https:\/\/adriatraderisk.hr\/en_us\/wp-json\/wp\/v2\/pages\/1053\/revisions"}],"predecessor-version":[{"id":1078,"href":"https:\/\/adriatraderisk.hr\/en_us\/wp-json\/wp\/v2\/pages\/1053\/revisions\/1078"}],"wp:attachment":[{"href":"https:\/\/adriatraderisk.hr\/en_us\/wp-json\/wp\/v2\/media?parent=1053"}],"curies":[{"name":"wp","href":"https:\/\/api.w.org\/{rel}","templated":true}]}}