{"id":1042,"date":"2021-02-26T14:55:31","date_gmt":"2021-02-26T14:55:31","guid":{"rendered":"https:\/\/adriatraderisk.hr\/?page_id=1042"},"modified":"2021-03-10T20:23:24","modified_gmt":"2021-03-10T20:23:24","slug":"register-zavarovalnik-posrednikov","status":"publish","type":"page","link":"https:\/\/adriatraderisk.hr\/en_us\/register-zavarovalnik-posrednikov\/","title":{"rendered":"Register zavarovalnih posrednikov"},"content":{"rendered":"<div data-elementor-type=\"wp-page\" data-elementor-id=\"1042\" class=\"elementor elementor-1042\" data-elementor-settings=\"[]\">\n\t\t\t\t\t\t\t<div class=\"elementor-section-wrap\">\n\t\t\t\t\t\t\t<section class=\"elementor-section elementor-top-section elementor-element elementor-element-4a7e912 elementor-section-boxed elementor-section-height-default elementor-section-height-default\" data-id=\"4a7e912\" data-element_type=\"section\">\n\t\t\t\t\t\t<div class=\"elementor-container elementor-column-gap-default\">\n\t\t\t\t\t<div class=\"elementor-column elementor-col-100 elementor-top-column elementor-element elementor-element-1cfe15b\" data-id=\"1cfe15b\" data-element_type=\"column\">\n\t\t\t<div class=\"elementor-widget-wrap elementor-element-populated\">\n\t\t\t\t\t\t\t\t<div class=\"elementor-element elementor-element-3afd70d elementor-widget elementor-widget-spacer\" data-id=\"3afd70d\" data-element_type=\"widget\" data-widget_type=\"spacer.default\">\n\t\t\t\t<div class=\"elementor-widget-container\">\n\t\t\t\t\t<div class=\"elementor-spacer\">\n\t\t\t<div class=\"elementor-spacer-inner\"><\/div>\n\t\t<\/div>\n\t\t\t\t<\/div>\n\t\t\t\t<\/div>\n\t\t\t\t<div class=\"elementor-element elementor-element-764bd2a elementor-widget elementor-widget-heading\" data-id=\"764bd2a\" data-element_type=\"widget\" data-widget_type=\"heading.default\">\n\t\t\t\t<div class=\"elementor-widget-container\">\n\t\t\t<h1 class=\"elementor-heading-title elementor-size-default\">Register zavarovalnik posrednikov<\/h1>\t\t<\/div>\n\t\t\t\t<\/div>\n\t\t\t\t<div class=\"elementor-element elementor-element-0cd4543 elementor-widget elementor-widget-spacer\" data-id=\"0cd4543\" data-element_type=\"widget\" data-widget_type=\"spacer.default\">\n\t\t\t\t<div class=\"elementor-widget-container\">\n\t\t\t\t\t<div class=\"elementor-spacer\">\n\t\t\t<div class=\"elementor-spacer-inner\"><\/div>\n\t\t<\/div>\n\t\t\t\t<\/div>\n\t\t\t\t<\/div>\n\t\t\t\t\t<\/div>\n\t\t<\/div>\n\t\t\t\t\t\t\t<\/div>\n\t\t<\/section>\n\t\t\t\t<section class=\"elementor-section elementor-top-section elementor-element elementor-element-4dceca0 elementor-section-boxed elementor-section-height-default elementor-section-height-default\" data-id=\"4dceca0\" data-element_type=\"section\">\n\t\t\t\t\t\t<div class=\"elementor-container elementor-column-gap-default\">\n\t\t\t\t\t<div class=\"elementor-column elementor-col-100 elementor-top-column elementor-element elementor-element-2c03ea2\" data-id=\"2c03ea2\" data-element_type=\"column\">\n\t\t\t<div class=\"elementor-widget-wrap elementor-element-populated\">\n\t\t\t\t\t\t\t\t<section class=\"elementor-section elementor-inner-section elementor-element elementor-element-1dd7fcf elementor-section-boxed elementor-section-height-default elementor-section-height-default\" data-id=\"1dd7fcf\" data-element_type=\"section\">\n\t\t\t\t\t\t<div class=\"elementor-container elementor-column-gap-default\">\n\t\t\t\t\t<div class=\"elementor-column elementor-col-33 elementor-inner-column elementor-element elementor-element-18403c5\" data-id=\"18403c5\" data-element_type=\"column\">\n\t\t\t<div class=\"elementor-widget-wrap elementor-element-populated\">\n\t\t\t\t\t\t\t\t<div class=\"elementor-element elementor-element-cc96f7d elementor-widget elementor-widget-heading\" data-id=\"cc96f7d\" data-element_type=\"widget\" data-widget_type=\"heading.default\">\n\t\t\t\t<div class=\"elementor-widget-container\">\n\t\t\t<h4 class=\"elementor-heading-title elementor-size-default\">Edvard Ribari\u010d<\/h4>\t\t<\/div>\n\t\t\t\t<\/div>\n\t\t\t\t\t<\/div>\n\t\t<\/div>\n\t\t\t\t<div class=\"elementor-column elementor-col-33 elementor-inner-column elementor-element elementor-element-11008c1\" data-id=\"11008c1\" data-element_type=\"column\">\n\t\t\t<div class=\"elementor-widget-wrap elementor-element-populated\">\n\t\t\t\t\t\t\t\t<div class=\"elementor-element elementor-element-87da047 elementor-widget elementor-widget-text-editor\" data-id=\"87da047\" data-element_type=\"widget\" data-widget_type=\"text-editor.default\">\n\t\t\t\t<div class=\"elementor-widget-container\">\n\t\t\t\t\t<div class=\"elementor-text-editor elementor-clearfix\"><p>Licence # HANFA: ZO 20819<\/p><\/div>\n\t\t\t\t<\/div>\n\t\t\t\t<\/div>\n\t\t\t\t\t<\/div>\n\t\t<\/div>\n\t\t\t\t<div class=\"elementor-column elementor-col-33 elementor-inner-column elementor-element elementor-element-06d2420\" data-id=\"06d2420\" data-element_type=\"column\">\n\t\t\t<div class=\"elementor-widget-wrap elementor-element-populated\">\n\t\t\t\t\t\t\t\t<div class=\"elementor-element elementor-element-5a63162 elementor-widget elementor-widget-text-editor\" data-id=\"5a63162\" data-element_type=\"widget\" data-widget_type=\"text-editor.default\">\n\t\t\t\t<div class=\"elementor-widget-container\">\n\t\t\t\t\t<div class=\"elementor-text-editor elementor-clearfix\"><ul class=\"font_9 color_11\"><li><p class=\"font_9\"><span class=\"color_11\">Datum dovoljenja HANFA: 14.7.2020,<\/span><\/p><\/li><li><p class=\"font_9\"><span class=\"color_11\">Seznam dr\u017eav \u010dlanic, v katerih lahko zavarovalni posrednik opravlja posle zavarovalnega posredovanja: EU,<\/span><\/p><\/li><li><p class=\"font_9\"><span class=\"color_11\">Omejitev pooblastil zavarovalnega posredovanja: Brez omejitev,<\/span><\/p><\/li><li><p class=\"font_9\"><span class=\"color_11\">Datum zaposlitve oz. datum sklenitve pogodbe o zavarovalnem posredovanju: 9.7.2020<\/span><\/p><\/li><\/ul><\/div>\n\t\t\t\t<\/div>\n\t\t\t\t<\/div>\n\t\t\t\t\t<\/div>\n\t\t<\/div>\n\t\t\t\t\t\t\t<\/div>\n\t\t<\/section>\n\t\t\t\t<section class=\"elementor-section elementor-inner-section elementor-element elementor-element-99a7b20 elementor-section-boxed elementor-section-height-default elementor-section-height-default\" data-id=\"99a7b20\" data-element_type=\"section\">\n\t\t\t\t\t\t<div class=\"elementor-container elementor-column-gap-default\">\n\t\t\t\t\t<div class=\"elementor-column elementor-col-33 elementor-inner-column elementor-element elementor-element-2df74f4\" data-id=\"2df74f4\" data-element_type=\"column\">\n\t\t\t<div class=\"elementor-widget-wrap elementor-element-populated\">\n\t\t\t\t\t\t\t\t<div class=\"elementor-element elementor-element-b3a6d43 elementor-widget elementor-widget-heading\" data-id=\"b3a6d43\" data-element_type=\"widget\" data-widget_type=\"heading.default\">\n\t\t\t\t<div class=\"elementor-widget-container\">\n\t\t\t<h4 class=\"elementor-heading-title elementor-size-default\">\u017diga Tobijas<\/h4>\t\t<\/div>\n\t\t\t\t<\/div>\n\t\t\t\t\t<\/div>\n\t\t<\/div>\n\t\t\t\t<div class=\"elementor-column elementor-col-33 elementor-inner-column elementor-element elementor-element-3a902e5\" data-id=\"3a902e5\" data-element_type=\"column\">\n\t\t\t<div class=\"elementor-widget-wrap elementor-element-populated\">\n\t\t\t\t\t\t\t\t<div class=\"elementor-element elementor-element-5fdbda9 elementor-widget elementor-widget-text-editor\" data-id=\"5fdbda9\" data-element_type=\"widget\" data-widget_type=\"text-editor.default\">\n\t\t\t\t<div class=\"elementor-widget-container\">\n\t\t\t\t\t<div class=\"elementor-text-editor elementor-clearfix\"><p>Licence # AZN: 40110-283\/2020-2<\/p><\/div>\n\t\t\t\t<\/div>\n\t\t\t\t<\/div>\n\t\t\t\t\t<\/div>\n\t\t<\/div>\n\t\t\t\t<div class=\"elementor-column elementor-col-33 elementor-inner-column elementor-element elementor-element-39429f1\" data-id=\"39429f1\" data-element_type=\"column\">\n\t\t\t<div class=\"elementor-widget-wrap elementor-element-populated\">\n\t\t\t\t\t\t\t\t<div class=\"elementor-element elementor-element-2ea8c04 elementor-widget elementor-widget-text-editor\" data-id=\"2ea8c04\" data-element_type=\"widget\" data-widget_type=\"text-editor.default\">\n\t\t\t\t<div class=\"elementor-widget-container\">\n\t\t\t\t\t<div class=\"elementor-text-editor elementor-clearfix\"><ul class=\"font_9 color_11\"><li><p class=\"font_9\">Datum dovoljenja AZN: 5.8.2020,<\/p><\/li><li><p class=\"font_9\">Seznam dr\u017eav \u010dlanic, v katerih lahko zavarovalni posrednik opravlja posle zavarovalnega posredovanja: EU,<\/p><\/li><li><p class=\"font_9\">Omejitev pooblastil zavarovalnega posredovanja: Brez omejitev,<\/p><\/li><li><p class=\"font_9\">Datum zaposlitve oz. datum sklenitve pogodbe o zavarovalnem posredovanju: 7.1.2021<\/p><\/li><\/ul><\/div>\n\t\t\t\t<\/div>\n\t\t\t\t<\/div>\n\t\t\t\t\t<\/div>\n\t\t<\/div>\n\t\t\t\t\t\t\t<\/div>\n\t\t<\/section>\n\t\t\t\t<div class=\"elementor-element elementor-element-501f009 elementor-widget elementor-widget-spacer\" data-id=\"501f009\" data-element_type=\"widget\" data-widget_type=\"spacer.default\">\n\t\t\t\t<div class=\"elementor-widget-container\">\n\t\t\t\t\t<div class=\"elementor-spacer\">\n\t\t\t<div class=\"elementor-spacer-inner\"><\/div>\n\t\t<\/div>\n\t\t\t\t<\/div>\n\t\t\t\t<\/div>\n\t\t\t\t\t<\/div>\n\t\t<\/div>\n\t\t\t\t\t\t\t<\/div>\n\t\t<\/section>\n\t\t\t\t\t\t<\/div>\n\t\t\t\t\t<\/div>","protected":false},"excerpt":{"rendered":"<p>Register zavarovalnik posrednikov Edvard Ribari\u010d \u0160tevilka dovoljenja HANFA: ZO 20819 Datum dovoljenja HANFA: 14.7.2020, Seznam dr\u017eav \u010dlanic, v katerih lahko zavarovalni posrednik opravlja posle zavarovalnega posredovanja: EU, Omejitev pooblastil zavarovalnega posredovanja: Brez omejitev, Datum zaposlitve oz. datum sklenitve pogodbe o zavarovalnem posredovanju: 9.7.2020 \u017diga Tobijas \u0160tevilka dovoljenja AZN: 40110-283\/2020-2 Datum dovoljenja AZN: 5.8.2020, Seznam dr\u017eav [&hellip;]<\/p>","protected":false},"author":1,"featured_media":0,"parent":0,"menu_order":0,"comment_status":"closed","ping_status":"closed","template":"page-templates\/page_front-page.php","meta":[],"_links":{"self":[{"href":"https:\/\/adriatraderisk.hr\/en_us\/wp-json\/wp\/v2\/pages\/1042"}],"collection":[{"href":"https:\/\/adriatraderisk.hr\/en_us\/wp-json\/wp\/v2\/pages"}],"about":[{"href":"https:\/\/adriatraderisk.hr\/en_us\/wp-json\/wp\/v2\/types\/page"}],"author":[{"embeddable":true,"href":"https:\/\/adriatraderisk.hr\/en_us\/wp-json\/wp\/v2\/users\/1"}],"replies":[{"embeddable":true,"href":"https:\/\/adriatraderisk.hr\/en_us\/wp-json\/wp\/v2\/comments?post=1042"}],"version-history":[{"count":8,"href":"https:\/\/adriatraderisk.hr\/en_us\/wp-json\/wp\/v2\/pages\/1042\/revisions"}],"predecessor-version":[{"id":1355,"href":"https:\/\/adriatraderisk.hr\/en_us\/wp-json\/wp\/v2\/pages\/1042\/revisions\/1355"}],"wp:attachment":[{"href":"https:\/\/adriatraderisk.hr\/en_us\/wp-json\/wp\/v2\/media?parent=1042"}],"curies":[{"name":"wp","href":"https:\/\/api.w.org\/{rel}","templated":true}]}}